{"id":61685,"date":"2024-12-03T15:28:53","date_gmt":"2024-12-03T15:28:53","guid":{"rendered":"https:\/\/www.baudracco.it\/qualite-baudracco\/"},"modified":"2025-07-16T13:53:23","modified_gmt":"2025-07-16T13:53:23","slug":"qualite-baudracco","status":"publish","type":"page","link":"https:\/\/www.baudracco.it\/fr\/qualite-baudracco\/","title":{"rendered":"Qualit\u00e9 Baudracco"},"content":{"rendered":"<div class=\"wpb-content-wrapper\"><p>[vc_row row_height_percent=\u00a0\u00bb0&Prime; override_padding=\u00a0\u00bbyes\u00a0\u00bb h_padding=\u00a0\u00bb2&Prime; top_padding=\u00a0\u00bb5&Prime; bottom_padding=\u00a0\u00bb3&Prime; overlay_alpha=\u00a0\u00bb50&Prime; gutter_size=\u00a0\u00bb3&Prime; column_width_percent=\u00a0\u00bb100&Prime; shift_y=\u00a0\u00bb0&Prime; z_index=\u00a0\u00bb0&Prime; content_parallax=\u00a0\u00bb0&Prime; uncode_shortcode_id=\u00a0\u00bb212525&Prime; el_id=\u00a0\u00bbqualita\u00a0\u00bb][vc_column column_width_percent=\u00a0\u00bb100&Prime; gutter_size=\u00a0\u00bb3&Prime; overlay_alpha=\u00a0\u00bb50&Prime; shift_x=\u00a0\u00bb0&Prime; shift_y=\u00a0\u00bb0&Prime; z_index=\u00a0\u00bb0&Prime; medium_width=\u00a0\u00bb0&Prime; sticky=\u00a0\u00bbyes\u00a0\u00bb width=\u00a0\u00bb1\/4&Prime;][vc_separator sep_color=\u00a0\u00bbaccent\u00a0\u00bb el_height=\u00a0\u00bb1px\u00a0\u00bb][vc_custom_heading uncode_shortcode_id=\u00a0\u00bb921059&Prime;]La diff\u00e9rence[\/vc_custom_heading][\/vc_column][vc_column width=\u00a0\u00bb3\/4&Prime;][vc_separator sep_color=\u00a0\u00bbcolor-wvjs\u00a0\u00bb el_height=\u00a0\u00bb1px\u00a0\u00bb][vc_custom_heading heading_semantic=\u00a0\u00bbh4&Prime; text_font=\u00a0\u00bbfont-202503&Prime; text_size=\u00a0\u00bbfontsize-338686&Prime; uncode_shortcode_id=\u00a0\u00bb212424&Prime;]Une question de qualit\u00e9[\/vc_custom_heading][vc_custom_heading text_font=\u00a0\u00bbfont-377884&Prime; text_size=\u00a0\u00bbh4&Prime; text_weight=\u00a0\u00bb300&Prime; text_height=\u00a0\u00bbfontheight-357766&Prime; uncode_shortcode_id=\u00a0\u00bb740992&Prime;]Notre approche diff\u00e8re largement de celle qui sous-tend la production \u00e0 grande \u00e9chelle, visant \u00e0 r\u00e9pondre \u00e0 des demandes massives au d\u00e9triment de la qualit\u00e9 et de l\u2019authenticit\u00e9. C\u2019est pourquoi nous conservons la m\u00eame m\u00e9thode que le premier jour : une production artisanale. Chaque plat propos\u00e9 a \u00e9t\u00e9 cuisin\u00e9 par nos soins, tout comme le choix de chaque ingr\u00e9dient qui le compose. Nous produisons aussi nos propres charcuteries, conserves et confitures.<br \/>\nLa curiosit\u00e9 qui nous pousse \u00e0 am\u00e9liorer constamment nos cr\u00e9ations, la recherche des meilleures mati\u00e8res premi\u00e8res capables de raviver les souvenirs de la nature et de ses saveurs v\u00e9ritables, ainsi que notre choix de n\u2019utiliser que des produits de saison, minutieusement s\u00e9lectionn\u00e9s et contr\u00f4l\u00e9s personnellement, sont autant de facteurs qui rendent notre \u00e9picerie un peu sp\u00e9ciale.[\/vc_custom_heading][\/vc_column][\/vc_row][vc_row row_height_percent=\u00a0\u00bb0&Prime; override_padding=\u00a0\u00bbyes\u00a0\u00bb h_padding=\u00a0\u00bb1&Prime; top_padding=\u00a0\u00bb0&Prime; bottom_padding=\u00a0\u00bb2&Prime; back_color=\u00a0\u00bbcolor-wayh\u00a0\u00bb overlay_alpha=\u00a0\u00bb50&Prime; gutter_size=\u00a0\u00bb3&Prime; column_width_percent=\u00a0\u00bb100&Prime; shift_y=\u00a0\u00bb0&Prime; z_index=\u00a0\u00bb0&Prime; content_parallax=\u00a0\u00bb0&Prime; uncode_shortcode_id=\u00a0\u00bb203028&Prime; back_color_type=\u00a0\u00bbuncode-palette\u00a0\u00bb][vc_column width=\u00a0\u00bb1\/1&Prime;][vc_gallery el_id=\u00a0\u00bbgallery-159824&Prime; type=\u00a0\u00bbcarousel\u00a0\u00bb medias=\u00a0\u00bb56761,56757,57264,56742,56739,57217,57085,57280,57283&Prime; carousel_lg=\u00a0\u00bb1&Prime; carousel_md=\u00a0\u00bb1&Prime; carousel_sm=\u00a0\u00bb1&Prime; thumb_size=\u00a0\u00bbsixteen-nine\u00a0\u00bb gutter_size=\u00a0\u00bb3&Prime; media_items=\u00a0\u00bb\u00a0\u00bb carousel_interval=\u00a0\u00bb3000&Prime; carousel_navspeed=\u00a0\u00bb700&Prime; carousel_nav=\u00a0\u00bbyes\u00a0\u00bb carousel_nav_skin=\u00a0\u00bbdark\u00a0\u00bb carousel_dots=\u00a0\u00bbyes\u00a0\u00bb single_style=\u00a0\u00bbdark\u00a0\u00bb single_overlay_opacity=\u00a0\u00bb1&Prime; single_overlay_anim=\u00a0\u00bbno\u00a0\u00bb single_text_anim=\u00a0\u00bbno\u00a0\u00bb single_image_anim=\u00a0\u00bbno\u00a0\u00bb single_padding=\u00a0\u00bb2&Prime; single_border=\u00a0\u00bbyes\u00a0\u00bb][\/vc_column][\/vc_row]<\/p>\n<\/div>","protected":false},"excerpt":{"rendered":"<p>[vc_row row_height_percent=\u00a0\u00bb0&Prime; override_padding=\u00a0\u00bbyes\u00a0\u00bb h_padding=\u00a0\u00bb2&Prime; top_padding=\u00a0\u00bb5&Prime; bottom_padding=\u00a0\u00bb3&Prime; overlay_alpha=\u00a0\u00bb50&Prime; gutter_size=\u00a0\u00bb3&Prime; column_width_percent=\u00a0\u00bb100&Prime; shift_y=\u00a0\u00bb0&Prime; z_index=\u00a0\u00bb0&Prime; content_parallax=\u00a0\u00bb0&Prime; uncode_shortcode_id=\u00a0\u00bb212525&Prime; el_id=\u00a0\u00bbqualita\u00a0\u00bb][vc_column column_width_percent=\u00a0\u00bb100&Prime; gutter_size=\u00a0\u00bb3&Prime; overlay_alpha=\u00a0\u00bb50&Prime; shift_x=\u00a0\u00bb0&Prime; shift_y=\u00a0\u00bb0&Prime; z_index=\u00a0\u00bb0&Prime; [&hellip;]<\/p>\n","protected":false},"author":9,"featured_media":0,"parent":0,"menu_order":0,"comment_status":"closed","ping_status":"closed","template":"","meta":{"footnotes":""},"class_list":["post-61685","page","type-page","status-publish","hentry","page_category-baudracco"],"_links":{"self":[{"href":"https:\/\/www.baudracco.it\/fr\/wp-json\/wp\/v2\/pages\/61685","targetHints":{"allow":["GET"]}}],"collection":[{"href":"https:\/\/www.baudracco.it\/fr\/wp-json\/wp\/v2\/pages"}],"about":[{"href":"https:\/\/www.baudracco.it\/fr\/wp-json\/wp\/v2\/types\/page"}],"author":[{"embeddable":true,"href":"https:\/\/www.baudracco.it\/fr\/wp-json\/wp\/v2\/users\/9"}],"replies":[{"embeddable":true,"href":"https:\/\/www.baudracco.it\/fr\/wp-json\/wp\/v2\/comments?post=61685"}],"version-history":[{"count":2,"href":"https:\/\/www.baudracco.it\/fr\/wp-json\/wp\/v2\/pages\/61685\/revisions"}],"predecessor-version":[{"id":61687,"href":"https:\/\/www.baudracco.it\/fr\/wp-json\/wp\/v2\/pages\/61685\/revisions\/61687"}],"wp:attachment":[{"href":"https:\/\/www.baudracco.it\/fr\/wp-json\/wp\/v2\/media?parent=61685"}],"curies":[{"name":"wp","href":"https:\/\/api.w.org\/{rel}","templated":true}]}}