{"id":61699,"date":"2017-10-02T08:56:17","date_gmt":"2017-10-02T08:56:17","guid":{"rendered":"https:\/\/www.baudracco.it\/menu-hebdomadaire\/"},"modified":"2025-07-16T14:22:59","modified_gmt":"2025-07-16T14:22:59","slug":"menu-hebdomadaire","status":"publish","type":"page","link":"https:\/\/www.baudracco.it\/fr\/menu-hebdomadaire\/","title":{"rendered":"Menu hebdomadaire"},"content":{"rendered":"<div class=\"wpb-content-wrapper\"><p>[vc_row unlock_row_content=\u00a0\u00bbyes\u00a0\u00bb row_height_percent=\u00a0\u00bb0&Prime; override_padding=\u00a0\u00bbyes\u00a0\u00bb h_padding=\u00a0\u00bb7&Prime; top_padding=\u00a0\u00bb0&Prime; bottom_padding=\u00a0\u00bb2&Prime; overlay_alpha=\u00a0\u00bb50&Prime; gutter_size=\u00a0\u00bb1&Prime; shift_y=\u00a0\u00bb0&Prime;][vc_column column_width_percent=\u00a0\u00bb100&Prime; position_vertical=\u00a0\u00bbmiddle\u00a0\u00bb align_horizontal=\u00a0\u00bbalign_center\u00a0\u00bb gutter_size=\u00a0\u00bb3&Prime; override_padding=\u00a0\u00bbyes\u00a0\u00bb column_padding=\u00a0\u00bb0&Prime; overlay_alpha=\u00a0\u00bb50&Prime; shift_x=\u00a0\u00bb0&Prime; shift_y=\u00a0\u00bb0&Prime; z_index=\u00a0\u00bb0&Prime; medium_width=\u00a0\u00bb0&Prime; width=\u00a0\u00bb1\/1&Prime;][vc_separator sep_color=\u00a0\u00bb,Default\u00a0\u00bb][vc_custom_heading text_color=\u00a0\u00bbaccent\u00a0\u00bb heading_semantic=\u00a0\u00bbh1&Prime; text_font=\u00a0\u00bbfont-202503&Prime; text_size=\u00a0\u00bbfontsize-155944&Prime;]L&rsquo;actualit\u00e9 de la semaine[\/vc_custom_heading][vc_custom_heading text_color=\u00a0\u00bbcolor-wvjs\u00a0\u00bb text_font=\u00a0\u00bbfont-202503&Prime; text_size=\u00a0\u00bbh4&Prime; text_weight=\u00a0\u00bb100&Prime; text_height=\u00a0\u00bbfontheight-524109&Prime; uncode_shortcode_id=\u00a0\u00bb478437&Prime; text_color_type=\u00a0\u00bbuncode-palette\u00a0\u00bb]<em>Du mardi au samedi<\/em>, certains plats sont r\u00e9p\u00e9t\u00e9s et d&rsquo;autres alternent.[\/vc_custom_heading][vc_custom_heading text_color=\u00a0\u00bbcolor-wvjs\u00a0\u00bb text_font=\u00a0\u00bbfont-202503&Prime; text_size=\u00a0\u00bbh4&Prime; text_weight=\u00a0\u00bb100&Prime; text_height=\u00a0\u00bbfontheight-524109&Prime; uncode_shortcode_id=\u00a0\u00bb739301&Prime; text_color_type=\u00a0\u00bbuncode-palette\u00a0\u00bb]Et pour<em> les vendredis, samedis<\/em> et <em>avant-vacances<\/em>, voici quelques id\u00e9es.[\/vc_custom_heading][\/vc_column][\/vc_row][vc_row unlock_row_content=\u00a0\u00bbyes\u00a0\u00bb row_height_percent=\u00a0\u00bb0&Prime; overlay_alpha=\u00a0\u00bb50&Prime; gutter_size=\u00a0\u00bb3&Prime; shift_y=\u00a0\u00bb0&Prime;][vc_column width=\u00a0\u00bb1\/3&Prime;][\/vc_column][vc_column column_width_percent=\u00a0\u00bb100&Prime; align_horizontal=\u00a0\u00bbalign_center\u00a0\u00bb gutter_size=\u00a0\u00bb3&Prime; overlay_alpha=\u00a0\u00bb50&Prime; shift_x=\u00a0\u00bb0&Prime; shift_y=\u00a0\u00bb0&Prime; shift_y_down=\u00a0\u00bb0&Prime; z_index=\u00a0\u00bb0&Prime; medium_width=\u00a0\u00bb0&Prime; mobile_width=\u00a0\u00bb0&Prime; width=\u00a0\u00bb1\/3&Prime; uncode_shortcode_id=\u00a0\u00bb829940&Prime;][vc_button button_color=\u00a0\u00bbaccent\u00a0\u00bb size=\u00a0\u00bbbtn-lg\u00a0\u00bb wide=\u00a0\u00bbyes\u00a0\u00bb border_width=\u00a0\u00bb0&Prime; display=\u00a0\u00bbinline\u00a0\u00bb link=\u00a0\u00bburl:https%3A%2F%2Fmailchi.mp%2Fbaudracco.it%2Fmenu-gastronomia-baudracco-4763399|target:_blank|\u00a0\u00bb button_color_type=\u00a0\u00bbuncode-palette\u00a0\u00bb uncode_shortcode_id=\u00a0\u00bb178881&Prime;]Voir le menu[\/vc_button][\/vc_column][vc_column width=\u00a0\u00bb1\/3&Prime;][\/vc_column][\/vc_row]<\/p>\n<\/div>","protected":false},"excerpt":{"rendered":"<p>[vc_row unlock_row_content=\u00a0\u00bbyes\u00a0\u00bb row_height_percent=\u00a0\u00bb0&Prime; override_padding=\u00a0\u00bbyes\u00a0\u00bb h_padding=\u00a0\u00bb7&Prime; top_padding=\u00a0\u00bb0&Prime; bottom_padding=\u00a0\u00bb2&Prime; overlay_alpha=\u00a0\u00bb50&Prime; gutter_size=\u00a0\u00bb1&Prime; shift_y=\u00a0\u00bb0&Prime;][vc_column column_width_percent=\u00a0\u00bb100&Prime; position_vertical=\u00a0\u00bbmiddle\u00a0\u00bb align_horizontal=\u00a0\u00bbalign_center\u00a0\u00bb gutter_size=\u00a0\u00bb3&Prime; override_padding=\u00a0\u00bbyes\u00a0\u00bb column_padding=\u00a0\u00bb0&Prime; overlay_alpha=\u00a0\u00bb50&Prime; shift_x=\u00a0\u00bb0&Prime; shift_y=\u00a0\u00bb0&Prime; z_index=\u00a0\u00bb0&Prime; [&hellip;]<\/p>\n","protected":false},"author":9,"featured_media":0,"parent":0,"menu_order":0,"comment_status":"closed","ping_status":"closed","template":"","meta":{"footnotes":""},"class_list":["post-61699","page","type-page","status-publish","hentry","page_category-baudracco"],"_links":{"self":[{"href":"https:\/\/www.baudracco.it\/fr\/wp-json\/wp\/v2\/pages\/61699","targetHints":{"allow":["GET"]}}],"collection":[{"href":"https:\/\/www.baudracco.it\/fr\/wp-json\/wp\/v2\/pages"}],"about":[{"href":"https:\/\/www.baudracco.it\/fr\/wp-json\/wp\/v2\/types\/page"}],"author":[{"embeddable":true,"href":"https:\/\/www.baudracco.it\/fr\/wp-json\/wp\/v2\/users\/9"}],"replies":[{"embeddable":true,"href":"https:\/\/www.baudracco.it\/fr\/wp-json\/wp\/v2\/comments?post=61699"}],"version-history":[{"count":2,"href":"https:\/\/www.baudracco.it\/fr\/wp-json\/wp\/v2\/pages\/61699\/revisions"}],"predecessor-version":[{"id":61701,"href":"https:\/\/www.baudracco.it\/fr\/wp-json\/wp\/v2\/pages\/61699\/revisions\/61701"}],"wp:attachment":[{"href":"https:\/\/www.baudracco.it\/fr\/wp-json\/wp\/v2\/media?parent=61699"}],"curies":[{"name":"wp","href":"https:\/\/api.w.org\/{rel}","templated":true}]}}