{"id":61709,"date":"2025-05-14T15:04:36","date_gmt":"2025-05-14T15:04:36","guid":{"rendered":"https:\/\/www.baudracco.it\/menus-conviviali\/"},"modified":"2025-11-28T16:08:46","modified_gmt":"2025-11-28T16:08:46","slug":"menus-rapides","status":"publish","type":"page","link":"https:\/\/www.baudracco.it\/fr\/menus-rapides\/","title":{"rendered":"Menus Rapides"},"content":{"rendered":"<div class=\"wpb-content-wrapper\"><p>[vc_row unlock_row_content=\u00a0\u00bbyes\u00a0\u00bb row_height_percent=\u00a0\u00bb0&Prime; override_padding=\u00a0\u00bbyes\u00a0\u00bb h_padding=\u00a0\u00bb3&Prime; top_padding=\u00a0\u00bb0&Prime; bottom_padding=\u00a0\u00bb4&Prime; overlay_alpha=\u00a0\u00bb50&Prime; gutter_size=\u00a0\u00bb3&Prime; column_width_percent=\u00a0\u00bb100&Prime; shift_y=\u00a0\u00bb0&Prime; z_index=\u00a0\u00bb0&Prime; content_parallax=\u00a0\u00bb0&Prime; row_name=\u00a0\u00bbAntipasti\u00a0\u00bb uncode_shortcode_id=\u00a0\u00bb201182&Prime;][vc_column column_width_percent=\u00a0\u00bb100&Prime; align_horizontal=\u00a0\u00bbalign_center\u00a0\u00bb gutter_size=\u00a0\u00bb3&Prime; override_padding=\u00a0\u00bbyes\u00a0\u00bb column_padding=\u00a0\u00bb0&Prime; overlay_alpha=\u00a0\u00bb50&Prime; shift_x=\u00a0\u00bb0&Prime; shift_y=\u00a0\u00bb0&Prime; shift_y_down=\u00a0\u00bb0&Prime; z_index=\u00a0\u00bb0&Prime; medium_width=\u00a0\u00bb0&Prime; mobile_width=\u00a0\u00bb0&Prime; css_animation=\u00a0\u00bbbottom-t-top\u00a0\u00bb width=\u00a0\u00bb1\/1&Prime; uncode_shortcode_id=\u00a0\u00bb200644&Prime;][vc_custom_heading text_color=\u00a0\u00bbcolor-778704&Prime; heading_semantic=\u00a0\u00bbh5&Prime; text_font=\u00a0\u00bbfont-762333&Prime; text_size=\u00a0\u00bbh4&Prime; text_weight=\u00a0\u00bb500&Prime; text_height=\u00a0\u00bbfontheight-357766&Prime; sub_lead=\u00a0\u00bbyes\u00a0\u00bb uncode_shortcode_id=\u00a0\u00bb321489&Prime; text_color_type=\u00a0\u00bbuncode-palette\u00a0\u00bb]Venez d\u00e9couvrir nos formules d\u00e9jeuner et d\u00eener rapides, alliant go\u00fbt et qualit\u00e9 \u00ab\u202fBaudracco\u202f\u00bb[\/vc_custom_heading][vc_column_text text_lead=\u00a0\u00bbyes\u00a0\u00bb text_color=\u00a0\u00bbcolor-prif\u00a0\u00bb uncode_shortcode_id=\u00a0\u00bb741807&Prime; text_color_type=\u00a0\u00bbuncode-palette\u00a0\u00bb css=\u00a0\u00bb.vc_custom_1748538736413{margin-top: 0px !important;padding-top: 0px !important;}\u00a0\u00bb]Nous les servons d\u00e9j\u00e0 chaudes et pr\u00eates avec couverts, ou \u00e0 r\u00e9chauffer selon vos envies, o\u00f9 que vous soyez.[\/vc_column_text][vc_row_inner row_inner_height_percent=\u00a0\u00bb0&Prime; overlay_alpha=\u00a0\u00bb50&Prime; gutter_size=\u00a0\u00bb4&Prime; shift_y=\u00a0\u00bb0&Prime; z_index=\u00a0\u00bb0&Prime; uncode_shortcode_id=\u00a0\u00bb209891&Prime;][vc_column_inner column_width_percent=\u00a0\u00bb100&Prime; align_horizontal=\u00a0\u00bbalign_center\u00a0\u00bb gutter_size=\u00a0\u00bb3&Prime; expand_height=\u00a0\u00bbyes\u00a0\u00bb overlay_alpha=\u00a0\u00bb50&Prime; shift_x=\u00a0\u00bb0&Prime; shift_y=\u00a0\u00bb0&Prime; shift_y_down=\u00a0\u00bb0&Prime; z_index=\u00a0\u00bb0&Prime; medium_width=\u00a0\u00bb0&Prime; mobile_width=\u00a0\u00bb0&Prime; width=\u00a0\u00bb1\/3&Prime; uncode_shortcode_id=\u00a0\u00bb765619&Prime;][vc_single_image media=\u00a0\u00bb61413&Prime; media_width_percent=\u00a0\u00bb100&Prime; media_ratio=\u00a0\u00bbone-one\u00a0\u00bb alignment=\u00a0\u00bbcenter\u00a0\u00bb advanced=\u00a0\u00bbyes\u00a0\u00bb media_items=\u00a0\u00bbmedia|original,title\u00a0\u00bb media_overlay_color=\u00a0\u00bbcolor-wayh\u00a0\u00bb media_overlay_opacity=\u00a0\u00bb30&Prime; media_overlay_visible=\u00a0\u00bbyes\u00a0\u00bb media_text_visible=\u00a0\u00bbyes\u00a0\u00bb media_text_anim=\u00a0\u00bbno\u00a0\u00bb media_h_align=\u00a0\u00bbcenter\u00a0\u00bb media_padding=\u00a0\u00bb2&Prime; media_title_family=\u00a0\u00bbfont-202503&Prime; media_title_dimension=\u00a0\u00bbh1&Prime; media_title_weight=\u00a0\u00bb600&Prime; single_image_anim_move=\u00a0\u00bbyes\u00a0\u00bb media_title_custom=\u00a0\u00bbLes 3 Petits Cochons\u00a0\u00bb media_link=\u00a0\u00bburl:%2Ffr%2Fles-3-petits-cochons%2F|title:les%203%20petits%2C%20cochons\u00a0\u00bb media_subtitle_custom=\u00a0\u00bbTagline\u00a0\u00bb uncode_shortcode_id=\u00a0\u00bb151998&Prime; media_overlay_color_type=\u00a0\u00bbuncode-palette\u00a0\u00bb media_caption_custom=\u00a0\u00bbTagline\u00a0\u00bb][vc_column_text text_lead=\u00a0\u00bbyes\u00a0\u00bb text_color=\u00a0\u00bbcolor-prif\u00a0\u00bb uncode_shortcode_id=\u00a0\u00bb141613&Prime; text_color_type=\u00a0\u00bbuncode-palette\u00a0\u00bb el_class=\u00a0\u00bbt-a-left\u00a0\u00bb]Trois petits pains demi-sucr\u00e9s garnis de notre pulled pork cuit 9\u202fheures \u00e0 basse temp\u00e9rature et relev\u00e9 de sauce BBQ.[\/vc_column_text][vc_custom_heading text_color=\u00a0\u00bbaccent\u00a0\u00bb uncode_shortcode_id=\u00a0\u00bb975976&Prime; text_color_type=\u00a0\u00bbuncode-palette\u00a0\u00bb]\u20ac 13,00[\/vc_custom_heading][vc_button button_color=\u00a0\u00bbaccent\u00a0\u00bb border_width=\u00a0\u00bb0&Prime; link=\u00a0\u00bburl:%2Ffr%2Fles-3-petits-cochons%2F|title:les%203%20petits%2C%20cochons\u00a0\u00bb uncode_shortcode_id=\u00a0\u00bb836153&Prime; button_color_type=\u00a0\u00bbuncode-palette\u00a0\u00bb]D\u00e9couvrez la recette[\/vc_button][vc_empty_space empty_h=\u00a0\u00bb2&Prime;][\/vc_column_inner][vc_column_inner column_width_percent=\u00a0\u00bb100&Prime; align_horizontal=\u00a0\u00bbalign_center\u00a0\u00bb gutter_size=\u00a0\u00bb3&Prime; expand_height=\u00a0\u00bbyes\u00a0\u00bb overlay_alpha=\u00a0\u00bb50&Prime; shift_x=\u00a0\u00bb0&Prime; shift_y=\u00a0\u00bb0&Prime; shift_y_down=\u00a0\u00bb0&Prime; z_index=\u00a0\u00bb0&Prime; medium_width=\u00a0\u00bb0&Prime; mobile_width=\u00a0\u00bb0&Prime; width=\u00a0\u00bb1\/3&Prime; uncode_shortcode_id=\u00a0\u00bb155176&Prime;][vc_single_image media=\u00a0\u00bb62154&Prime; media_width_percent=\u00a0\u00bb100&Prime; media_ratio=\u00a0\u00bbone-one\u00a0\u00bb alignment=\u00a0\u00bbcenter\u00a0\u00bb advanced=\u00a0\u00bbyes\u00a0\u00bb media_items=\u00a0\u00bbmedia|original,title,description\u00a0\u00bb media_overlay_color=\u00a0\u00bbcolor-wayh\u00a0\u00bb media_overlay_opacity=\u00a0\u00bb30&Prime; media_overlay_visible=\u00a0\u00bbyes\u00a0\u00bb media_text_visible=\u00a0\u00bbyes\u00a0\u00bb media_text_anim=\u00a0\u00bbno\u00a0\u00bb media_h_align=\u00a0\u00bbcenter\u00a0\u00bb media_padding=\u00a0\u00bb2&Prime; media_title_family=\u00a0\u00bbfont-202503&Prime; media_title_dimension=\u00a0\u00bbh1&Prime; media_title_weight=\u00a0\u00bb600&Prime; text_lead=\u00a0\u00bbyes\u00a0\u00bb single_image_anim_move=\u00a0\u00bbyes\u00a0\u00bb media_title_custom=\u00a0\u00bbBoulettes de viande du jour\u00a0\u00bb media_link=\u00a0\u00bburl:%2Ffr%2Fboulettes-de-viande-du-jour%2F|title:boulettes%20de%20viande%20du%20jour\u00a0\u00bb media_subtitle_custom=\u00a0\u00bb* avec accompagnement\u00a0\u00bb uncode_shortcode_id=\u00a0\u00bb735852&Prime; media_overlay_color_type=\u00a0\u00bbuncode-palette\u00a0\u00bb media_caption_custom=\u00a0\u00bbTagline\u00a0\u00bb][vc_column_text text_lead=\u00a0\u00bbyes\u00a0\u00bb text_color=\u00a0\u00bbcolor-prif\u00a0\u00bb uncode_shortcode_id=\u00a0\u00bb162714&Prime; text_color_type=\u00a0\u00bbuncode-palette\u00a0\u00bb el_class=\u00a0\u00bbt-a-left\u00a0\u00bb]Boulettes de viande tendres, pr\u00e9par\u00e9es \u00e0 partir de veau et de porc s\u00e9lectionn\u00e9s, frites \u00e0 l&rsquo;huile d&rsquo;olive extra vierge, d\u00e9glac\u00e9es au vin blanc et servies avec la sauce du jour.[\/vc_column_text][vc_custom_heading text_color=\u00a0\u00bbaccent\u00a0\u00bb uncode_shortcode_id=\u00a0\u00bb611262&Prime; text_color_type=\u00a0\u00bbuncode-palette\u00a0\u00bb]\u20ac 14,00[\/vc_custom_heading][vc_button button_color=\u00a0\u00bbaccent\u00a0\u00bb border_width=\u00a0\u00bb0&Prime; link=\u00a0\u00bburl:%2Ffr%2Fboulettes-de-viande-du-jour%2F|title:boulettes%20de%20viande%20du%20jour\u00a0\u00bb uncode_shortcode_id=\u00a0\u00bb924161&Prime; button_color_type=\u00a0\u00bbuncode-palette\u00a0\u00bb]D\u00e9couvrez la recette[\/vc_button][vc_empty_space empty_h=\u00a0\u00bb2&Prime;][\/vc_column_inner][vc_column_inner column_width_percent=\u00a0\u00bb100&Prime; align_horizontal=\u00a0\u00bbalign_center\u00a0\u00bb gutter_size=\u00a0\u00bb3&Prime; expand_height=\u00a0\u00bbyes\u00a0\u00bb overlay_alpha=\u00a0\u00bb50&Prime; shift_x=\u00a0\u00bb0&Prime; shift_y=\u00a0\u00bb0&Prime; shift_y_down=\u00a0\u00bb0&Prime; z_index=\u00a0\u00bb0&Prime; medium_width=\u00a0\u00bb0&Prime; mobile_width=\u00a0\u00bb0&Prime; width=\u00a0\u00bb1\/3&Prime; uncode_shortcode_id=\u00a0\u00bb172843&Prime;][vc_single_image media=\u00a0\u00bb61417&Prime; media_width_percent=\u00a0\u00bb100&Prime; media_ratio=\u00a0\u00bbone-one\u00a0\u00bb alignment=\u00a0\u00bbcenter\u00a0\u00bb advanced=\u00a0\u00bbyes\u00a0\u00bb media_items=\u00a0\u00bbmedia|original,title,description\u00a0\u00bb media_overlay_color=\u00a0\u00bbcolor-wayh\u00a0\u00bb media_overlay_opacity=\u00a0\u00bb30&Prime; media_overlay_visible=\u00a0\u00bbyes\u00a0\u00bb media_text_visible=\u00a0\u00bbyes\u00a0\u00bb media_text_anim=\u00a0\u00bbno\u00a0\u00bb media_h_align=\u00a0\u00bbcenter\u00a0\u00bb media_padding=\u00a0\u00bb2&Prime; media_title_family=\u00a0\u00bbfont-202503&Prime; media_title_dimension=\u00a0\u00bbh1&Prime; media_title_weight=\u00a0\u00bb600&Prime; text_lead=\u00a0\u00bbyes\u00a0\u00bb single_image_anim_move=\u00a0\u00bbyes\u00a0\u00bb media_title_custom=\u00a0\u00bbLasagnes\u00a0\u00bb media_link=\u00a0\u00bburl:%2Ffr%2Flasagnes%2F|title:Lasagnes&lt;br\/&gt;&lt;br\/&gt;\u00a0\u00bb media_subtitle_custom=\u00a0\u00bb* avec accompagnement\u00a0\u00bb uncode_shortcode_id=\u00a0\u00bb190878&Prime; media_overlay_color_type=\u00a0\u00bbuncode-palette\u00a0\u00bb media_caption_custom=\u00a0\u00bbTagline\u00a0\u00bb][vc_column_text text_lead=\u00a0\u00bbyes\u00a0\u00bb text_color=\u00a0\u00bbcolor-prif\u00a0\u00bb uncode_shortcode_id=\u00a0\u00bb111792&Prime; text_color_type=\u00a0\u00bbuncode-palette\u00a0\u00bb el_class=\u00a0\u00bbt-a-left\u00a0\u00bb]P\u00e2tes aux \u0153ufs maison avec des \u0153ufs frais. Rago\u00fbt de veau Fassone hach\u00e9, sauce tomate et b\u00e9chamel.[\/vc_column_text][vc_custom_heading text_color=\u00a0\u00bbaccent\u00a0\u00bb uncode_shortcode_id=\u00a0\u00bb795608&Prime; text_color_type=\u00a0\u00bbuncode-palette\u00a0\u00bb]\u20ac 13,00[\/vc_custom_heading][vc_button button_color=\u00a0\u00bbaccent\u00a0\u00bb border_width=\u00a0\u00bb0&Prime; link=\u00a0\u00bburl:%2Ffr%2Flasagnes%2F|title:Lasagnes&lt;br\/&gt;&lt;br\/&gt;\u00a0\u00bb uncode_shortcode_id=\u00a0\u00bb985863&Prime; button_color_type=\u00a0\u00bbuncode-palette\u00a0\u00bb]D\u00e9couvrez la recette[\/vc_button][vc_empty_space empty_h=\u00a0\u00bb2&Prime;][\/vc_column_inner][\/vc_row_inner][vc_row_inner row_inner_height_percent=\u00a0\u00bb0&Prime; overlay_alpha=\u00a0\u00bb50&Prime; gutter_size=\u00a0\u00bb4&Prime; shift_y=\u00a0\u00bb0&Prime; z_index=\u00a0\u00bb0&Prime; uncode_shortcode_id=\u00a0\u00bb209891&Prime;][vc_column_inner column_width_percent=\u00a0\u00bb100&Prime; align_horizontal=\u00a0\u00bbalign_center\u00a0\u00bb gutter_size=\u00a0\u00bb3&Prime; expand_height=\u00a0\u00bbyes\u00a0\u00bb overlay_alpha=\u00a0\u00bb50&Prime; shift_x=\u00a0\u00bb0&Prime; shift_y=\u00a0\u00bb0&Prime; shift_y_down=\u00a0\u00bb0&Prime; z_index=\u00a0\u00bb0&Prime; medium_width=\u00a0\u00bb0&Prime; mobile_width=\u00a0\u00bb0&Prime; width=\u00a0\u00bb1\/3&Prime; uncode_shortcode_id=\u00a0\u00bb765619&Prime;][vc_single_image media=\u00a0\u00bb61423&Prime; media_width_percent=\u00a0\u00bb100&Prime; media_ratio=\u00a0\u00bbone-one\u00a0\u00bb alignment=\u00a0\u00bbcenter\u00a0\u00bb advanced=\u00a0\u00bbyes\u00a0\u00bb media_items=\u00a0\u00bbmedia|original,title,description\u00a0\u00bb media_overlay_color=\u00a0\u00bbcolor-wayh\u00a0\u00bb media_overlay_opacity=\u00a0\u00bb30&Prime; media_overlay_visible=\u00a0\u00bbyes\u00a0\u00bb media_text_visible=\u00a0\u00bbyes\u00a0\u00bb media_text_anim=\u00a0\u00bbno\u00a0\u00bb media_h_align=\u00a0\u00bbcenter\u00a0\u00bb media_padding=\u00a0\u00bb2&Prime; media_title_family=\u00a0\u00bbfont-202503&Prime; media_title_dimension=\u00a0\u00bbh1&Prime; media_title_weight=\u00a0\u00bb600&Prime; text_lead=\u00a0\u00bbyes\u00a0\u00bb single_image_anim_move=\u00a0\u00bbyes\u00a0\u00bb media_title_custom=\u00a0\u00bbCr\u00eapes sal\u00e9es ricotta\u202f&amp;\u202f\u00e9pinards\u00a0\u00bb media_link=\u00a0\u00bburl:%2Ffr%2Fcrepes-salees-ricotta-epinards%2F|title:crepes%20salees%20ricotta%20epinards\u00a0\u00bb media_subtitle_custom=\u00a0\u00bb* avec accompagnement\u00a0\u00bb uncode_shortcode_id=\u00a0\u00bb145024&Prime; media_overlay_color_type=\u00a0\u00bbuncode-palette\u00a0\u00bb media_caption_custom=\u00a0\u00bbTagline\u00a0\u00bb][vc_column_text text_lead=\u00a0\u00bbyes\u00a0\u00bb text_color=\u00a0\u00bbcolor-prif\u00a0\u00bb uncode_shortcode_id=\u00a0\u00bb883897&Prime; text_color_type=\u00a0\u00bbuncode-palette\u00a0\u00bb el_class=\u00a0\u00bbt-a-left\u00a0\u00bb]Mince avec une farce de ricotta au lait de vache et d&rsquo;\u00e9pinards frais. Nous les pla\u00e7ons sur notre sauce tomate.[\/vc_column_text][vc_custom_heading text_color=\u00a0\u00bbaccent\u00a0\u00bb uncode_shortcode_id=\u00a0\u00bb198428&Prime; text_color_type=\u00a0\u00bbuncode-palette\u00a0\u00bb]\u20ac 13,00[\/vc_custom_heading][vc_button button_color=\u00a0\u00bbaccent\u00a0\u00bb border_width=\u00a0\u00bb0&Prime; link=\u00a0\u00bburl:%2Ffr%2Fcrepes-salees-ricotta-epinards%2F|title:crepes%20salees%20ricotta%20epinards\u00a0\u00bb uncode_shortcode_id=\u00a0\u00bb609898&Prime; button_color_type=\u00a0\u00bbuncode-palette\u00a0\u00bb]D\u00e9couvrez la recette[\/vc_button][vc_empty_space empty_h=\u00a0\u00bb2&Prime;][\/vc_column_inner][vc_column_inner column_width_percent=\u00a0\u00bb100&Prime; align_horizontal=\u00a0\u00bbalign_center\u00a0\u00bb gutter_size=\u00a0\u00bb3&Prime; expand_height=\u00a0\u00bbyes\u00a0\u00bb overlay_alpha=\u00a0\u00bb50&Prime; shift_x=\u00a0\u00bb0&Prime; shift_y=\u00a0\u00bb0&Prime; shift_y_down=\u00a0\u00bb0&Prime; z_index=\u00a0\u00bb0&Prime; medium_width=\u00a0\u00bb0&Prime; mobile_width=\u00a0\u00bb0&Prime; width=\u00a0\u00bb1\/3&Prime; uncode_shortcode_id=\u00a0\u00bb155176&Prime;][vc_single_image media=\u00a0\u00bb61425&Prime; media_width_percent=\u00a0\u00bb100&Prime; media_ratio=\u00a0\u00bbone-one\u00a0\u00bb alignment=\u00a0\u00bbcenter\u00a0\u00bb advanced=\u00a0\u00bbyes\u00a0\u00bb media_items=\u00a0\u00bbmedia|original,title,description\u00a0\u00bb media_overlay_color=\u00a0\u00bbcolor-wayh\u00a0\u00bb media_overlay_opacity=\u00a0\u00bb30&Prime; media_overlay_visible=\u00a0\u00bbyes\u00a0\u00bb media_text_visible=\u00a0\u00bbyes\u00a0\u00bb media_text_anim=\u00a0\u00bbno\u00a0\u00bb media_h_align=\u00a0\u00bbcenter\u00a0\u00bb media_padding=\u00a0\u00bb2&Prime; media_title_family=\u00a0\u00bbfont-202503&Prime; media_title_dimension=\u00a0\u00bbh1&Prime; media_title_weight=\u00a0\u00bb600&Prime; text_lead=\u00a0\u00bbyes\u00a0\u00bb single_image_anim_move=\u00a0\u00bbyes\u00a0\u00bb media_title_custom=\u00a0\u00bbOmelette \u00e9paisse aux oignons ou l\u00e9gumes\u00a0\u00bb media_link=\u00a0\u00bburl:%2Ffr%2Fomelette-epaisse-aux-oignons-ou-legumes%2F|title:omelette%20epaisse%20aux%20oignons%20ou%20legumes\u00a0\u00bb media_subtitle_custom=\u00a0\u00bb* avec accompagnement\u00a0\u00bb uncode_shortcode_id=\u00a0\u00bb696027&Prime; media_overlay_color_type=\u00a0\u00bbuncode-palette\u00a0\u00bb media_caption_custom=\u00a0\u00bbTagline\u00a0\u00bb][vc_column_text text_lead=\u00a0\u00bbyes\u00a0\u00bb text_color=\u00a0\u00bbcolor-prif\u00a0\u00bb uncode_shortcode_id=\u00a0\u00bb146556&Prime; text_color_type=\u00a0\u00bbuncode-palette\u00a0\u00bb el_class=\u00a0\u00bbt-a-left\u00a0\u00bb]Une belle omelette \u00e9paisse et moelleuse avec des \u0153ufs frais, des l\u00e9gumes de saison ou des oignons blancs (d&rsquo;Andezeno ou de Giarratana).[\/vc_column_text][vc_custom_heading text_color=\u00a0\u00bbaccent\u00a0\u00bb uncode_shortcode_id=\u00a0\u00bb988867&Prime; text_color_type=\u00a0\u00bbuncode-palette\u00a0\u00bb]\u20ac 13,00[\/vc_custom_heading][vc_button button_color=\u00a0\u00bbaccent\u00a0\u00bb border_width=\u00a0\u00bb0&Prime; link=\u00a0\u00bburl:%2Ffr%2Fomelette-epaisse-aux-oignons-ou-legumes%2F|title:omelette%20epaisse%20aux%20oignons%20ou%20legumes\u00a0\u00bb uncode_shortcode_id=\u00a0\u00bb239821&Prime; button_color_type=\u00a0\u00bbuncode-palette\u00a0\u00bb]D\u00e9couvrez la recette[\/vc_button][vc_empty_space empty_h=\u00a0\u00bb2&Prime;][\/vc_column_inner][vc_column_inner column_width_percent=\u00a0\u00bb100&Prime; align_horizontal=\u00a0\u00bbalign_center\u00a0\u00bb gutter_size=\u00a0\u00bb3&Prime; expand_height=\u00a0\u00bbyes\u00a0\u00bb overlay_alpha=\u00a0\u00bb50&Prime; shift_x=\u00a0\u00bb0&Prime; shift_y=\u00a0\u00bb0&Prime; shift_y_down=\u00a0\u00bb0&Prime; z_index=\u00a0\u00bb0&Prime; medium_width=\u00a0\u00bb0&Prime; mobile_width=\u00a0\u00bb0&Prime; width=\u00a0\u00bb1\/3&Prime; uncode_shortcode_id=\u00a0\u00bb172843&Prime;][vc_single_image media=\u00a0\u00bb62096&Prime; media_width_percent=\u00a0\u00bb100&Prime; media_ratio=\u00a0\u00bbone-one\u00a0\u00bb alignment=\u00a0\u00bbcenter\u00a0\u00bb advanced=\u00a0\u00bbyes\u00a0\u00bb media_items=\u00a0\u00bbmedia|original,title,description\u00a0\u00bb media_overlay_color=\u00a0\u00bbcolor-wayh\u00a0\u00bb media_overlay_opacity=\u00a0\u00bb30&Prime; media_overlay_visible=\u00a0\u00bbyes\u00a0\u00bb media_text_visible=\u00a0\u00bbyes\u00a0\u00bb media_text_anim=\u00a0\u00bbno\u00a0\u00bb media_h_align=\u00a0\u00bbcenter\u00a0\u00bb media_padding=\u00a0\u00bb2&Prime; media_title_family=\u00a0\u00bbfont-202503&Prime; media_title_dimension=\u00a0\u00bbh1&Prime; media_title_weight=\u00a0\u00bb600&Prime; text_lead=\u00a0\u00bbyes\u00a0\u00bb single_image_anim_move=\u00a0\u00bbyes\u00a0\u00bb media_title_custom=\u00a0\u00bbGnocchis \u00e0 la romaine\u00a0\u00bb media_link=\u00a0\u00bburl:%2Ffr%2Fgnocchis-a-la-romaine%2F|title:gnocchis%20a%20la%20romaine\u00a0\u00bb media_subtitle_custom=\u00a0\u00bb* avec accompagnement\u00a0\u00bb uncode_shortcode_id=\u00a0\u00bb960250&Prime; media_overlay_color_type=\u00a0\u00bbuncode-palette\u00a0\u00bb media_caption_custom=\u00a0\u00bbTagline\u00a0\u00bb][vc_column_text text_lead=\u00a0\u00bbyes\u00a0\u00bb text_color=\u00a0\u00bbcolor-prif\u00a0\u00bb uncode_shortcode_id=\u00a0\u00bb101505&Prime; text_color_type=\u00a0\u00bbuncode-palette\u00a0\u00bb el_class=\u00a0\u00bbt-a-left\u00a0\u00bb]Des gnocchis pr\u00e9par\u00e9s avec le lait de nos vaches heureuses et de la semoule de qualit\u00e9, garnis de beurre, de parmesan et de raclette.[\/vc_column_text][vc_custom_heading text_color=\u00a0\u00bbaccent\u00a0\u00bb uncode_shortcode_id=\u00a0\u00bb132268&Prime; text_color_type=\u00a0\u00bbuncode-palette\u00a0\u00bb]\u20ac 12,00[\/vc_custom_heading][vc_button button_color=\u00a0\u00bbaccent\u00a0\u00bb border_width=\u00a0\u00bb0&Prime; link=\u00a0\u00bburl:%2Ffr%2Fgnocchis-a-la-romaine%2F|title:gnocchis%20a%20la%20romaine\u00a0\u00bb uncode_shortcode_id=\u00a0\u00bb184890&Prime; button_color_type=\u00a0\u00bbuncode-palette\u00a0\u00bb]D\u00e9couvrez la recette[\/vc_button][vc_empty_space empty_h=\u00a0\u00bb2&Prime;][\/vc_column_inner][\/vc_row_inner][vc_row_inner row_inner_height_percent=\u00a0\u00bb0&Prime; overlay_alpha=\u00a0\u00bb50&Prime; gutter_size=\u00a0\u00bb4&Prime; shift_y=\u00a0\u00bb0&Prime; z_index=\u00a0\u00bb0&Prime; uncode_shortcode_id=\u00a0\u00bb209891&Prime;][vc_column_inner column_width_percent=\u00a0\u00bb100&Prime; align_horizontal=\u00a0\u00bbalign_center\u00a0\u00bb gutter_size=\u00a0\u00bb3&Prime; expand_height=\u00a0\u00bbyes\u00a0\u00bb overlay_alpha=\u00a0\u00bb50&Prime; shift_x=\u00a0\u00bb0&Prime; shift_y=\u00a0\u00bb0&Prime; shift_y_down=\u00a0\u00bb0&Prime; z_index=\u00a0\u00bb0&Prime; medium_width=\u00a0\u00bb0&Prime; mobile_width=\u00a0\u00bb0&Prime; width=\u00a0\u00bb1\/3&Prime; uncode_shortcode_id=\u00a0\u00bb765619&Prime;][vc_single_image media=\u00a0\u00bb62112&Prime; media_width_percent=\u00a0\u00bb100&Prime; media_ratio=\u00a0\u00bbone-one\u00a0\u00bb alignment=\u00a0\u00bbcenter\u00a0\u00bb advanced=\u00a0\u00bbyes\u00a0\u00bb media_items=\u00a0\u00bbmedia|original,title,description\u00a0\u00bb media_overlay_color=\u00a0\u00bbcolor-wayh\u00a0\u00bb media_overlay_opacity=\u00a0\u00bb30&Prime; media_overlay_visible=\u00a0\u00bbyes\u00a0\u00bb media_text_visible=\u00a0\u00bbyes\u00a0\u00bb media_text_anim=\u00a0\u00bbno\u00a0\u00bb media_h_align=\u00a0\u00bbcenter\u00a0\u00bb media_padding=\u00a0\u00bb2&Prime; media_title_family=\u00a0\u00bbfont-202503&Prime; media_title_dimension=\u00a0\u00bbh1&Prime; media_title_weight=\u00a0\u00bb600&Prime; text_lead=\u00a0\u00bbyes\u00a0\u00bb single_image_anim_move=\u00a0\u00bbyes\u00a0\u00bb media_title_custom=\u00a0\u00bbLentilles mijot\u00e9es\u00a0\u00bb media_link=\u00a0\u00bburl:%2Ffr%2Flentilles-mijotees%2F|title:lentilles%20mijotees\u00a0\u00bb media_subtitle_custom=\u00a0\u00bb* avec accompagnement\u00a0\u00bb uncode_shortcode_id=\u00a0\u00bb217345&Prime; media_overlay_color_type=\u00a0\u00bbuncode-palette\u00a0\u00bb media_caption_custom=\u00a0\u00bbTagline\u00a0\u00bb][vc_column_text text_lead=\u00a0\u00bbyes\u00a0\u00bb text_color=\u00a0\u00bbcolor-prif\u00a0\u00bb uncode_shortcode_id=\u00a0\u00bb211965&Prime; text_color_type=\u00a0\u00bbuncode-palette\u00a0\u00bb el_class=\u00a0\u00bbt-a-left\u00a0\u00bb]Lentilles Castelluccio, oignons Andezeno et une sauce tomate mijot\u00e9e avec du bouillon de l\u00e9gumes.[\/vc_column_text][vc_custom_heading text_color=\u00a0\u00bbaccent\u00a0\u00bb uncode_shortcode_id=\u00a0\u00bb125676&Prime; text_color_type=\u00a0\u00bbuncode-palette\u00a0\u00bb]\u20ac 12,50[\/vc_custom_heading][vc_button button_color=\u00a0\u00bbaccent\u00a0\u00bb border_width=\u00a0\u00bb0&Prime; link=\u00a0\u00bburl:%2Ffr%2Flentilles-mijotees%2F|title:lentilles%20mijotees\u00a0\u00bb uncode_shortcode_id=\u00a0\u00bb128561&Prime; button_color_type=\u00a0\u00bbuncode-palette\u00a0\u00bb]D\u00e9couvrez la recette[\/vc_button][vc_empty_space empty_h=\u00a0\u00bb2&Prime;][\/vc_column_inner][vc_column_inner column_width_percent=\u00a0\u00bb100&Prime; align_horizontal=\u00a0\u00bbalign_center\u00a0\u00bb gutter_size=\u00a0\u00bb3&Prime; expand_height=\u00a0\u00bbyes\u00a0\u00bb overlay_alpha=\u00a0\u00bb50&Prime; shift_x=\u00a0\u00bb0&Prime; shift_y=\u00a0\u00bb0&Prime; shift_y_down=\u00a0\u00bb0&Prime; z_index=\u00a0\u00bb0&Prime; medium_width=\u00a0\u00bb0&Prime; mobile_width=\u00a0\u00bb0&Prime; width=\u00a0\u00bb1\/3&Prime; uncode_shortcode_id=\u00a0\u00bb155176&Prime;][vc_single_image media=\u00a0\u00bb61431&Prime; media_width_percent=\u00a0\u00bb100&Prime; media_ratio=\u00a0\u00bbone-one\u00a0\u00bb alignment=\u00a0\u00bbcenter\u00a0\u00bb advanced=\u00a0\u00bbyes\u00a0\u00bb media_items=\u00a0\u00bbmedia|original,title\u00a0\u00bb media_overlay_color=\u00a0\u00bbcolor-wayh\u00a0\u00bb media_overlay_opacity=\u00a0\u00bb30&Prime; media_overlay_visible=\u00a0\u00bbyes\u00a0\u00bb media_text_visible=\u00a0\u00bbyes\u00a0\u00bb media_text_anim=\u00a0\u00bbno\u00a0\u00bb media_h_align=\u00a0\u00bbcenter\u00a0\u00bb media_padding=\u00a0\u00bb2&Prime; media_title_family=\u00a0\u00bbfont-202503&Prime; media_title_dimension=\u00a0\u00bbh1&Prime; media_title_weight=\u00a0\u00bb600&Prime; single_image_anim_move=\u00a0\u00bbyes\u00a0\u00bb media_title_custom=\u00a0\u00bbBarilio, notre b\u00e2tonnet sal\u00e9 artisanal\u00a0\u00bb media_link=\u00a0\u00bburl:%2Ffr%2Fbarilio-notre-batonnet-sale-artisanal%2F|title:barilio%20notre%20batonnet%20sale%20artisanal\u00a0\u00bb media_subtitle_custom=\u00a0\u00bbTagline\u00a0\u00bb uncode_shortcode_id=\u00a0\u00bb237180&Prime; media_overlay_color_type=\u00a0\u00bbuncode-palette\u00a0\u00bb media_caption_custom=\u00a0\u00bbTagline\u00a0\u00bb][vc_column_text text_lead=\u00a0\u00bbyes\u00a0\u00bb text_color=\u00a0\u00bbcolor-prif\u00a0\u00bb uncode_shortcode_id=\u00a0\u00bb165252&Prime; text_color_type=\u00a0\u00bbuncode-palette\u00a0\u00bb el_class=\u00a0\u00bbt-a-left\u00a0\u00bb]Une farce savoureuse et moelleuse \u00e0 base de veau pan\u00e9, de poulet et de l\u00e9gumes. A d\u00e9guster seul ou avec nos sauces.[\/vc_column_text][vc_custom_heading text_color=\u00a0\u00bbaccent\u00a0\u00bb uncode_shortcode_id=\u00a0\u00bb936753&Prime; text_color_type=\u00a0\u00bbuncode-palette\u00a0\u00bb]\u20ac 4,5 cad.[\/vc_custom_heading][vc_button button_color=\u00a0\u00bbaccent\u00a0\u00bb border_width=\u00a0\u00bb0&Prime; link=\u00a0\u00bburl:%2Ffr%2Fbarilio-notre-batonnet-sale-artisanal%2F|title:barilio%20notre%20batonnet%20sale%20artisanal\u00a0\u00bb uncode_shortcode_id=\u00a0\u00bb852364&Prime; button_color_type=\u00a0\u00bbuncode-palette\u00a0\u00bb]D\u00e9couvrez la recette[\/vc_button][vc_empty_space empty_h=\u00a0\u00bb2&Prime;][\/vc_column_inner][vc_column_inner column_width_percent=\u00a0\u00bb100&Prime; align_horizontal=\u00a0\u00bbalign_center\u00a0\u00bb gutter_size=\u00a0\u00bb3&Prime; expand_height=\u00a0\u00bbyes\u00a0\u00bb overlay_alpha=\u00a0\u00bb50&Prime; shift_x=\u00a0\u00bb0&Prime; shift_y=\u00a0\u00bb0&Prime; shift_y_down=\u00a0\u00bb0&Prime; z_index=\u00a0\u00bb0&Prime; medium_width=\u00a0\u00bb0&Prime; mobile_width=\u00a0\u00bb0&Prime; width=\u00a0\u00bb1\/3&Prime; uncode_shortcode_id=\u00a0\u00bb172843&Prime;][\/vc_column_inner][\/vc_row_inner][\/vc_column][\/vc_row][vc_row][vc_column width=\u00a0\u00bb1\/1&Prime;][uncode_block id=\u00a0\u00bb60223&Prime;][\/vc_column][\/vc_row]<\/p>\n<\/div>","protected":false},"excerpt":{"rendered":"<p>[vc_row unlock_row_content=\u00a0\u00bbyes\u00a0\u00bb row_height_percent=\u00a0\u00bb0&Prime; override_padding=\u00a0\u00bbyes\u00a0\u00bb h_padding=\u00a0\u00bb3&Prime; top_padding=\u00a0\u00bb0&Prime; bottom_padding=\u00a0\u00bb4&Prime; overlay_alpha=\u00a0\u00bb50&Prime; gutter_size=\u00a0\u00bb3&Prime; column_width_percent=\u00a0\u00bb100&Prime; shift_y=\u00a0\u00bb0&Prime; z_index=\u00a0\u00bb0&Prime; content_parallax=\u00a0\u00bb0&Prime; row_name=\u00a0\u00bbAntipasti\u00a0\u00bb uncode_shortcode_id=\u00a0\u00bb201182&Prime;][vc_column column_width_percent=\u00a0\u00bb100&Prime; align_horizontal=\u00a0\u00bbalign_center\u00a0\u00bb gutter_size=\u00a0\u00bb3&Prime; override_padding=\u00a0\u00bbyes\u00a0\u00bb column_padding=\u00a0\u00bb0&Prime; [&hellip;]<\/p>\n","protected":false},"author":9,"featured_media":0,"parent":0,"menu_order":0,"comment_status":"closed","ping_status":"closed","template":"","meta":{"footnotes":""},"class_list":["post-61709","page","type-page","status-publish","hentry"],"_links":{"self":[{"href":"https:\/\/www.baudracco.it\/fr\/wp-json\/wp\/v2\/pages\/61709","targetHints":{"allow":["GET"]}}],"collection":[{"href":"https:\/\/www.baudracco.it\/fr\/wp-json\/wp\/v2\/pages"}],"about":[{"href":"https:\/\/www.baudracco.it\/fr\/wp-json\/wp\/v2\/types\/page"}],"author":[{"embeddable":true,"href":"https:\/\/www.baudracco.it\/fr\/wp-json\/wp\/v2\/users\/9"}],"replies":[{"embeddable":true,"href":"https:\/\/www.baudracco.it\/fr\/wp-json\/wp\/v2\/comments?post=61709"}],"version-history":[{"count":57,"href":"https:\/\/www.baudracco.it\/fr\/wp-json\/wp\/v2\/pages\/61709\/revisions"}],"predecessor-version":[{"id":62323,"href":"https:\/\/www.baudracco.it\/fr\/wp-json\/wp\/v2\/pages\/61709\/revisions\/62323"}],"wp:attachment":[{"href":"https:\/\/www.baudracco.it\/fr\/wp-json\/wp\/v2\/media?parent=61709"}],"curies":[{"name":"wp","href":"https:\/\/api.w.org\/{rel}","templated":true}]}}