{"id":61715,"date":"2017-10-31T16:06:27","date_gmt":"2017-10-31T16:06:27","guid":{"rendered":"https:\/\/www.baudracco.it\/idee-cadeau\/"},"modified":"2025-07-16T14:51:37","modified_gmt":"2025-07-16T14:51:37","slug":"idee-cadeau-2","status":"publish","type":"page","link":"https:\/\/www.baudracco.it\/fr\/idee-cadeau-2\/","title":{"rendered":"Id\u00e9e cadeau"},"content":{"rendered":"<div class=\"wpb-content-wrapper\"><p>[vc_row row_height_percent=\u00a0\u00bb0&Prime; override_padding=\u00a0\u00bbyes\u00a0\u00bb h_padding=\u00a0\u00bb2&Prime; top_padding=\u00a0\u00bb5&Prime; bottom_padding=\u00a0\u00bb5&Prime; overlay_alpha=\u00a0\u00bb50&Prime; gutter_size=\u00a0\u00bb3&Prime; shift_y=\u00a0\u00bb0&Prime;][vc_column column_width_percent=\u00a0\u00bb100&Prime; overlay_alpha=\u00a0\u00bb50&Prime; gutter_size=\u00a0\u00bb3&Prime; medium_width=\u00a0\u00bb0&Prime; shift_x=\u00a0\u00bb0&Prime; shift_y=\u00a0\u00bb0&Prime; z_index=\u00a0\u00bb0&Prime; sticky=\u00a0\u00bbyes\u00a0\u00bb width=\u00a0\u00bb1\/4&Prime;][vc_separator sep_color=\u00a0\u00bbaccent\u00a0\u00bb el_height=\u00a0\u00bb1px\u00a0\u00bb][vc_custom_heading]Id\u00e9e cadeau[\/vc_custom_heading][\/vc_column][vc_column width=\u00a0\u00bb3\/4&Prime;][vc_separator sep_color=\u00a0\u00bbcolor-prif\u00a0\u00bb el_height=\u00a0\u00bb1px\u00a0\u00bb][vc_custom_heading heading_semantic=\u00a0\u00bbh1&Prime; text_size=\u00a0\u00bbfontsize-338686&Prime; text_font=\u00a0\u00bbfont-202503&Prime;]<em>Savourez <\/em>votre repas[\/vc_custom_heading][vc_single_image media=\u00a0\u00bb56786&Prime; media_width_percent=\u00a0\u00bb100&Prime; media_ratio=\u00a0\u00bbtwentyone-nine\u00a0\u00bb css_animation=\u00a0\u00bbright-t-left\u00a0\u00bb][vc_custom_heading text_size=\u00a0\u00bbh4&Prime; text_height=\u00a0\u00bbfontheight-357766&Prime; text_font=\u00a0\u00bbfont-377884&Prime; text_weight=\u00a0\u00bb300&Prime; text_color=\u00a0\u00bbcolor-wvjs\u00a0\u00bb]<strong>Pour un cadeau original, nous avons la solution<\/strong> : le <em><strong>\u00ab Bon App\u00e9tit \u00bb<\/strong><\/em>.<br \/>\n<em>Vous donnerez \u00e0 votre destinataire la libert\u00e9 de choisir parmi une large gamme de saveurs pour essayer quelque chose de nouveau ou se laisser tenter par ce qu&rsquo;il aime le plus.<\/em><\/p>\n<p>&nbsp;<\/p>\n<p>Nos bons <strong>sont consommables petit \u00e0 petit<\/strong>, n&rsquo;ont<strong> pas de date d&rsquo;expiration<\/strong>, et vous <strong>pouvez d\u00e9cider<\/strong> du montant que vous voulez, sans limites ni contraintes, et offrir \u00e0 qui vous voulez une v\u00e9ritable exp\u00e9rience gustative.<br \/>\nVous trouverez les bons dans notre magasin de <strong>Corso Vittorio Emanuele II, 62<\/strong> \u00e0 Turin.[\/vc_custom_heading][vc_separator sep_color=\u00a0\u00bbcolor-uydo\u00a0\u00bb css_animation=\u00a0\u00bbleft-t-right\u00a0\u00bb el_width=\u00a0\u00bb7%\u00a0\u00bb el_height=\u00a0\u00bb3px\u00a0\u00bb][vc_custom_heading text_size=\u00a0\u00bbh3&Prime; text_height=\u00a0\u00bbfontheight-357766&Prime; text_font=\u00a0\u00bbfont-377884&Prime; text_weight=\u00a0\u00bb900&Prime; text_color=\u00a0\u00bbaccent\u00a0\u00bb sub_lead=\u00a0\u00bbyes\u00a0\u00bb]<strong>Comment cela fonctionne-t-il ?<\/strong><\/p>\n<p>[\/vc_custom_heading][vc_custom_heading text_size=\u00a0\u00bbh4&Prime; text_height=\u00a0\u00bbfontheight-357766&Prime; text_font=\u00a0\u00bbfont-377884&Prime; text_weight=\u00a0\u00bb300&Prime; text_color=\u00a0\u00bbcolor-wvjs\u00a0\u00bb]<strong>CHOISIR<\/strong><br \/>\n<em>le montant \u00e0 donner, en le pr\u00e9cisant en chiffres et en lettres<\/em><\/p>\n<p>&nbsp;<\/p>\n<p><strong>PERSONNALISER<\/strong><br \/>\n<em>le cadeau en apposant votre signature sur le bon<\/em><\/p>\n<p>&nbsp;<\/p>\n<p><strong>CADEAU<\/strong><br \/>\n<em>le bon au destinataire<\/em>[\/vc_custom_heading][vc_custom_heading text_size=\u00a0\u00bbh4&Prime; text_height=\u00a0\u00bbfontheight-357766&Prime; text_font=\u00a0\u00bbfont-377884&Prime; text_weight=\u00a0\u00bb300&Prime; text_color=\u00a0\u00bbcolor-wvjs\u00a0\u00bb]<\/p>\n<blockquote><p>Pour plus d&rsquo;informations, <strong>visitez-nous<\/strong>, envoyez un courriel \u00e0 <strong>info@baudracco.i<\/strong>t ou appelez le (<strong>+ 39) 011 562 82 03<\/strong> ou le <strong>(+ 39) 011 54 55 82<\/strong>.<\/p><\/blockquote>\n<p>[\/vc_custom_heading][\/vc_column][\/vc_row]<\/p>\n<\/div>","protected":false},"excerpt":{"rendered":"<p>[vc_row row_height_percent=\u00a0\u00bb0&Prime; override_padding=\u00a0\u00bbyes\u00a0\u00bb h_padding=\u00a0\u00bb2&Prime; top_padding=\u00a0\u00bb5&Prime; bottom_padding=\u00a0\u00bb5&Prime; overlay_alpha=\u00a0\u00bb50&Prime; gutter_size=\u00a0\u00bb3&Prime; shift_y=\u00a0\u00bb0&Prime;][vc_column column_width_percent=\u00a0\u00bb100&Prime; overlay_alpha=\u00a0\u00bb50&Prime; gutter_size=\u00a0\u00bb3&Prime; medium_width=\u00a0\u00bb0&Prime; shift_x=\u00a0\u00bb0&Prime; shift_y=\u00a0\u00bb0&Prime; z_index=\u00a0\u00bb0&Prime; sticky=\u00a0\u00bbyes\u00a0\u00bb width=\u00a0\u00bb1\/4&Prime;][vc_separator sep_color=\u00a0\u00bbaccent\u00a0\u00bb el_height=\u00a0\u00bb1px\u00a0\u00bb][vc_custom_heading]Id\u00e9e [&hellip;]<\/p>\n","protected":false},"author":9,"featured_media":0,"parent":0,"menu_order":0,"comment_status":"closed","ping_status":"closed","template":"","meta":{"footnotes":""},"class_list":["post-61715","page","type-page","status-publish","hentry","page_category-baudracco"],"_links":{"self":[{"href":"https:\/\/www.baudracco.it\/fr\/wp-json\/wp\/v2\/pages\/61715","targetHints":{"allow":["GET"]}}],"collection":[{"href":"https:\/\/www.baudracco.it\/fr\/wp-json\/wp\/v2\/pages"}],"about":[{"href":"https:\/\/www.baudracco.it\/fr\/wp-json\/wp\/v2\/types\/page"}],"author":[{"embeddable":true,"href":"https:\/\/www.baudracco.it\/fr\/wp-json\/wp\/v2\/users\/9"}],"replies":[{"embeddable":true,"href":"https:\/\/www.baudracco.it\/fr\/wp-json\/wp\/v2\/comments?post=61715"}],"version-history":[{"count":2,"href":"https:\/\/www.baudracco.it\/fr\/wp-json\/wp\/v2\/pages\/61715\/revisions"}],"predecessor-version":[{"id":61717,"href":"https:\/\/www.baudracco.it\/fr\/wp-json\/wp\/v2\/pages\/61715\/revisions\/61717"}],"wp:attachment":[{"href":"https:\/\/www.baudracco.it\/fr\/wp-json\/wp\/v2\/media?parent=61715"}],"curies":[{"name":"wp","href":"https:\/\/api.w.org\/{rel}","templated":true}]}}