{"id":61754,"date":"2025-05-16T10:38:06","date_gmt":"2025-05-16T10:38:06","guid":{"rendered":"https:\/\/www.baudracco.it\/omelette-epaisse-aux-oignons-ou-legumes\/"},"modified":"2025-08-30T12:30:39","modified_gmt":"2025-08-30T12:30:39","slug":"omelette-epaisse-aux-oignons-ou-legumes","status":"publish","type":"page","link":"https:\/\/www.baudracco.it\/fr\/omelette-epaisse-aux-oignons-ou-legumes\/","title":{"rendered":"Omelette \u00e9paisse aux oignons ou l\u00e9gumes"},"content":{"rendered":"<div class=\"wpb-content-wrapper\"><p>[vc_row unlock_row_content=\u00a0\u00bbyes\u00a0\u00bb row_height_percent=\u00a0\u00bb0&Prime; override_padding=\u00a0\u00bbyes\u00a0\u00bb h_padding=\u00a0\u00bb3&Prime; top_padding=\u00a0\u00bb0&Prime; bottom_padding=\u00a0\u00bb3&Prime; overlay_alpha=\u00a0\u00bb50&Prime; gutter_size=\u00a0\u00bb3&Prime; column_width_percent=\u00a0\u00bb100&Prime; shift_y=\u00a0\u00bb0&Prime; z_index=\u00a0\u00bb0&Prime; content_parallax=\u00a0\u00bb0&Prime; uncode_shortcode_id=\u00a0\u00bb129741&Prime;][vc_column width=\u00a0\u00bb1\/1&Prime;][vc_row_inner][vc_column_inner width=\u00a0\u00bb1\/3&Prime;][vc_custom_heading text_color=\u00a0\u00bbaccent\u00a0\u00bb text_font=\u00a0\u00bbfont-202503&Prime; text_size=\u00a0\u00bbfontsize-155944&Prime; text_weight=\u00a0\u00bb600&Prime; text_italic=\u00a0\u00bbyes\u00a0\u00bb uncode_shortcode_id=\u00a0\u00bb237481&Prime; text_color_type=\u00a0\u00bbuncode-palette\u00a0\u00bb]Omelette \u00e9paisse aux oignons ou l\u00e9gumes[\/vc_custom_heading][vc_column_text text_color=\u00a0\u00bbcolor-jevc\u00a0\u00bb uncode_shortcode_id=\u00a0\u00bb110236&Prime; text_color_type=\u00a0\u00bbuncode-palette\u00a0\u00bb]<strong>Omelette \u00e9paisse aux oignons<\/strong><\/p>\n<p>Faites doucement revenir les oignons, en choisissant selon la saison entre les oignons doux de Giarratana et les oignons d\u00e9licats d&rsquo;Andezeno. Ensuite, nous les m\u00e9langeons avec des \u0153ufs frais pour obtenir une omelette moelleuse, dor\u00e9e et parfum\u00e9e. Peu d&rsquo;ingr\u00e9dients, trait\u00e9s avec soin, pour une saveur pleine et ronde.[\/vc_column_text][vc_column_text text_color=\u00a0\u00bbcolor-jevc\u00a0\u00bb uncode_shortcode_id=\u00a0\u00bb101635&Prime; text_color_type=\u00a0\u00bbuncode-palette\u00a0\u00bb]<strong>Omelette \u00e9paisse aux l\u00e9gumes<\/strong><\/p>\n<p>Une omelette pr\u00e9par\u00e9e comme il se doit : des \u00e9pinards frais cuits \u00e0 la vapeur (ou des bettes, si ce n&rsquo;est pas la saison), des \u0153ufs fra\u00eechement pondus et une pinc\u00e9e de marjolaine fra\u00eeche qui apporte une touche aromatique. C&rsquo;est un plat principal simple, mais dont l&rsquo;\u00e9quilibre des saveurs s\u00e9duit.[\/vc_column_text][vc_custom_heading text_color=\u00a0\u00bbaccent\u00a0\u00bb text_font=\u00a0\u00bbfont-762333&Prime; uncode_shortcode_id=\u00a0\u00bb986252&Prime; text_color_type=\u00a0\u00bbuncode-palette\u00a0\u00bb]\u20ac 13,00[\/vc_custom_heading][vc_empty_space empty_h=\u00a0\u00bb2&Prime;][\/vc_column_inner][vc_column_inner width=\u00a0\u00bb2\/3&Prime;][vc_single_image media=\u00a0\u00bb61457&Prime; media_width_percent=\u00a0\u00bb100&Prime; media_ratio=\u00a0\u00bbthree-two\u00a0\u00bb uncode_shortcode_id=\u00a0\u00bb255777&Prime;][\/vc_column_inner][\/vc_row_inner][\/vc_column][\/vc_row][vc_row][vc_column width=\u00a0\u00bb1\/1&Prime;][uncode_block id=\u00a0\u00bb60223&Prime;][\/vc_column][\/vc_row][vc_row][vc_column width=\u00a0\u00bb1\/1&Prime;][uncode_block id=\u00a0\u00bb60227&Prime;][\/vc_column][\/vc_row]<\/p>\n<\/div>","protected":false},"excerpt":{"rendered":"<p> * avec accompagnement<\/p>\n","protected":false},"author":9,"featured_media":61425,"parent":0,"menu_order":0,"comment_status":"closed","ping_status":"closed","template":"","meta":{"footnotes":""},"class_list":["post-61754","page","type-page","status-publish","has-post-thumbnail","hentry","page_category-recettes"],"_links":{"self":[{"href":"https:\/\/www.baudracco.it\/fr\/wp-json\/wp\/v2\/pages\/61754","targetHints":{"allow":["GET"]}}],"collection":[{"href":"https:\/\/www.baudracco.it\/fr\/wp-json\/wp\/v2\/pages"}],"about":[{"href":"https:\/\/www.baudracco.it\/fr\/wp-json\/wp\/v2\/types\/page"}],"author":[{"embeddable":true,"href":"https:\/\/www.baudracco.it\/fr\/wp-json\/wp\/v2\/users\/9"}],"replies":[{"embeddable":true,"href":"https:\/\/www.baudracco.it\/fr\/wp-json\/wp\/v2\/comments?post=61754"}],"version-history":[{"count":6,"href":"https:\/\/www.baudracco.it\/fr\/wp-json\/wp\/v2\/pages\/61754\/revisions"}],"predecessor-version":[{"id":61995,"href":"https:\/\/www.baudracco.it\/fr\/wp-json\/wp\/v2\/pages\/61754\/revisions\/61995"}],"wp:featuredmedia":[{"embeddable":true,"href":"https:\/\/www.baudracco.it\/fr\/wp-json\/wp\/v2\/media\/61425"}],"wp:attachment":[{"href":"https:\/\/www.baudracco.it\/fr\/wp-json\/wp\/v2\/media?parent=61754"}],"curies":[{"name":"wp","href":"https:\/\/api.w.org\/{rel}","templated":true}]}}