{"id":61766,"date":"2025-05-16T12:29:10","date_gmt":"2025-05-16T12:29:10","guid":{"rendered":"https:\/\/www.baudracco.it\/barilio-notre-batonnet-sale-artisanal\/"},"modified":"2025-07-16T15:53:18","modified_gmt":"2025-07-16T15:53:18","slug":"barilio-notre-batonnet-sale-artisanal","status":"publish","type":"page","link":"https:\/\/www.baudracco.it\/fr\/barilio-notre-batonnet-sale-artisanal\/","title":{"rendered":"Barilio, notre b\u00e2tonnet sal\u00e9 artisanal"},"content":{"rendered":"<div class=\"wpb-content-wrapper\"><p>[vc_row unlock_row_content=\u00a0\u00bbyes\u00a0\u00bb row_height_percent=\u00a0\u00bb0&Prime; override_padding=\u00a0\u00bbyes\u00a0\u00bb h_padding=\u00a0\u00bb3&Prime; top_padding=\u00a0\u00bb0&Prime; bottom_padding=\u00a0\u00bb3&Prime; overlay_alpha=\u00a0\u00bb50&Prime; gutter_size=\u00a0\u00bb3&Prime; column_width_percent=\u00a0\u00bb100&Prime; shift_y=\u00a0\u00bb0&Prime; z_index=\u00a0\u00bb0&Prime; content_parallax=\u00a0\u00bb0&Prime; uncode_shortcode_id=\u00a0\u00bb129741&Prime;][vc_column width=\u00a0\u00bb1\/1&Prime;][vc_row_inner][vc_column_inner width=\u00a0\u00bb1\/3&Prime;][vc_custom_heading text_color=\u00a0\u00bbaccent\u00a0\u00bb text_font=\u00a0\u00bbfont-202503&Prime; text_size=\u00a0\u00bbfontsize-155944&Prime; text_weight=\u00a0\u00bb600&Prime; text_italic=\u00a0\u00bbyes\u00a0\u00bb uncode_shortcode_id=\u00a0\u00bb117452&Prime; text_color_type=\u00a0\u00bbuncode-palette\u00a0\u00bb]Barilio, notre b\u00e2tonnet sal\u00e9 artisanal[\/vc_custom_heading][vc_column_text text_color=\u00a0\u00bbcolor-jevc\u00a0\u00bb uncode_shortcode_id=\u00a0\u00bb108743&Prime; text_color_type=\u00a0\u00bbuncode-palette\u00a0\u00bb]Notre \u201cstreet food gastronomique\u201d\u202f: morceaux de veau et de poulet, enrichis de d\u00e9s de courgettes et de carottes, pan\u00e9s dans notre chapelure maison \u00e0 base du pain que nous cuisons chaque matin. Frits jusqu\u2019\u00e0 obtenir une texture croustillante \u00e0 l\u2019ext\u00e9rieur et moelleuse \u00e0 l\u2019int\u00e9rieur.<br \/>\nServie avec :<\/p>\n<ul>\n<li>Sauce BBQ\u202f: \u00e0 base de tomate, \u00e9pices et un soup\u00e7on de vinaigre de cidre de pomme<\/li>\n<li>Sauce Douceur\u202f: notre mayonnaise maison agr\u00e9ment\u00e9e de confiture de petits piments ronds frais et relev\u00e9s<\/li>\n<\/ul>\n<p>[\/vc_column_text][vc_custom_heading text_color=\u00a0\u00bbaccent\u00a0\u00bb text_font=\u00a0\u00bbfont-762333&Prime; uncode_shortcode_id=\u00a0\u00bb120595&Prime; text_color_type=\u00a0\u00bbuncode-palette\u00a0\u00bb]4,50 \u20ac l&rsquo;unit\u00e9.[\/vc_custom_heading][vc_empty_space empty_h=\u00a0\u00bb2&Prime;][\/vc_column_inner][vc_column_inner width=\u00a0\u00bb2\/3&Prime;][vc_single_image media=\u00a0\u00bb60285&Prime; media_width_percent=\u00a0\u00bb100&Prime; media_ratio=\u00a0\u00bbthree-two\u00a0\u00bb uncode_shortcode_id=\u00a0\u00bb169446&Prime;][\/vc_column_inner][\/vc_row_inner][\/vc_column][\/vc_row][vc_row][vc_column width=\u00a0\u00bb1\/1&Prime;][uncode_block id=\u00a0\u00bb60227&Prime;][\/vc_column][\/vc_row]<\/p>\n<\/div>","protected":false},"excerpt":{"rendered":"<p>[vc_row unlock_row_content=\u00a0\u00bbyes\u00a0\u00bb row_height_percent=\u00a0\u00bb0&Prime; override_padding=\u00a0\u00bbyes\u00a0\u00bb h_padding=\u00a0\u00bb3&Prime; top_padding=\u00a0\u00bb0&Prime; bottom_padding=\u00a0\u00bb3&Prime; overlay_alpha=\u00a0\u00bb50&Prime; gutter_size=\u00a0\u00bb3&Prime; column_width_percent=\u00a0\u00bb100&Prime; shift_y=\u00a0\u00bb0&Prime; z_index=\u00a0\u00bb0&Prime; content_parallax=\u00a0\u00bb0&Prime; uncode_shortcode_id=\u00a0\u00bb129741&Prime;][vc_column width=\u00a0\u00bb1\/1&Prime;][vc_row_inner][vc_column_inner width=\u00a0\u00bb1\/3&Prime;][vc_custom_heading text_color=\u00a0\u00bbaccent\u00a0\u00bb text_font=\u00a0\u00bbfont-202503&Prime; text_size=\u00a0\u00bbfontsize-155944&Prime; text_weight=\u00a0\u00bb600&Prime; [&hellip;]<\/p>\n","protected":false},"author":9,"featured_media":61469,"parent":0,"menu_order":0,"comment_status":"closed","ping_status":"closed","template":"","meta":{"footnotes":""},"class_list":["post-61766","page","type-page","status-publish","has-post-thumbnail","hentry","page_category-recettes"],"_links":{"self":[{"href":"https:\/\/www.baudracco.it\/fr\/wp-json\/wp\/v2\/pages\/61766","targetHints":{"allow":["GET"]}}],"collection":[{"href":"https:\/\/www.baudracco.it\/fr\/wp-json\/wp\/v2\/pages"}],"about":[{"href":"https:\/\/www.baudracco.it\/fr\/wp-json\/wp\/v2\/types\/page"}],"author":[{"embeddable":true,"href":"https:\/\/www.baudracco.it\/fr\/wp-json\/wp\/v2\/users\/9"}],"replies":[{"embeddable":true,"href":"https:\/\/www.baudracco.it\/fr\/wp-json\/wp\/v2\/comments?post=61766"}],"version-history":[{"count":2,"href":"https:\/\/www.baudracco.it\/fr\/wp-json\/wp\/v2\/pages\/61766\/revisions"}],"predecessor-version":[{"id":61768,"href":"https:\/\/www.baudracco.it\/fr\/wp-json\/wp\/v2\/pages\/61766\/revisions\/61768"}],"wp:featuredmedia":[{"embeddable":true,"href":"https:\/\/www.baudracco.it\/fr\/wp-json\/wp\/v2\/media\/61469"}],"wp:attachment":[{"href":"https:\/\/www.baudracco.it\/fr\/wp-json\/wp\/v2\/media?parent=61766"}],"curies":[{"name":"wp","href":"https:\/\/api.w.org\/{rel}","templated":true}]}}