{"id":61788,"date":"2017-09-13T12:23:37","date_gmt":"2017-09-13T12:23:37","guid":{"rendered":"https:\/\/www.baudracco.it\/informativa-privacy\/"},"modified":"2025-07-21T16:54:34","modified_gmt":"2025-07-21T16:54:34","slug":"informativa-privacy","status":"publish","type":"page","link":"https:\/\/www.baudracco.it\/fr\/informativa-privacy\/","title":{"rendered":"Informativa privacy"},"content":{"rendered":"<div class=\"wpb-content-wrapper\"><p>[vc_row][vc_column width=\u00a0\u00bb1\/1&Prime;][vc_column_text]<\/p>\n<div class=\"iub_header\">\n<h1>Privacy Policy di\u00a0<strong>www.baudracco.it<\/strong><\/h1>\n<p>Questo sito web raccoglie alcuni Dati Personali dei propri Utenti.<br \/>\nIn base a quanto prescritto dall\u2019art. 13 del D. Lgs. 196\/2003 (\u201ccodice privacy\u201d), fornisce agli utenti che visitano il sito web\u00a0<a href=\"https:\/\/www.baudracco.it\/fr\/\">wwwbaudracco.it<\/a>\u00a0(di seguito indicato anche come \u201csito web\u201d) alcune informazioni relative al trattamento dei dati acquisiti.<\/p>\n<\/div>\n<div class=\"one_line_col\">\n<h2>Titolare del Trattamento dei Dati<\/h2>\n<p>A seguito della consultazione di questo sito Internet, possono essere trattati dati relativi a persone identificate o identificabili. Il \u201ctitolare\u201d del loro trattamento \u00e8 \u00ab\u00a0Baudracco Gastronomia\u00a0\u00bb, con sede in Corso Vittorio Emanuele II, 62 &#8211;\u00a010121 Torino.<\/p>\n<p><b>Indirizzo email del Titolare:<\/b>\u00a0baudracco@hotmail.it<\/p>\n<\/div>\n<div class=\"one_line_col\">\n<h2>Tipologie di Dati raccolti<\/h2>\n<p>Fra i Dati Personali raccolti da questo sito web, in modo autonomo o tramite terze parti, ci sono: email, Cookie e Dati di Utilizzo.<\/p>\n<p>Dettagli completi su ciascuna tipologia di dati raccolti sono forniti nelle sezioni dedicate di questa privacy policy o mediante specifici testi informativi visualizzati prima della raccolta dei dati stessi.<br \/>\nI Dati Personali possono essere liberamente forniti dall&rsquo;Utente o, nel caso di Dati di Utilizzo, raccolti automaticamente durante l&rsquo;uso di questo Sito Web.<br \/>\nTutti i Dati richiesti da questo sito web sono obbligatori e, in mancanza del loro conferimento, potrebbe essere impossibile per questo sito web fornire il servizio. Nei casi in cui questo sito web indichi alcuni Dati come facoltativi, gli Utenti sono liberi di astenersi dal comunicare tali Dati, senza che ci\u00f2 abbia alcuna conseguenza sulla disponibilit\u00e0 del servizio o sulla sua operativit\u00e0.<br \/>\nGli Utenti che dovessero avere dubbi su quali Dati siano obbligatori, sono incoraggiati a contattare il Titolare.<br \/>\nL\u2019eventuale utilizzo di Cookie &#8211; o di altri strumenti di tracciamento &#8211; da parte di questo sito web o dei titolari dei servizi terzi utilizzati da questo sito web, ove non diversamente precisato, ha la finalit\u00e0 di fornire il servizio richiesto dall&rsquo;Utente, oltre alle ulteriori finalit\u00e0 descritte nel presente documento e nella Cookie Policy, se disponibile.<\/p>\n<p>L&rsquo;Utente si assume la responsabilit\u00e0 dei Dati Personali di terzi pubblicati o condivisi mediante questo sito web e garantisce di avere il diritto di comunicarli o diffonderli, liberando il Titolare da qualsiasi responsabilit\u00e0 verso terzi.<\/p>\n<\/div>\n<div class=\"one_line_col\">\n<h2>Modalit\u00e0 e luogo del trattamento dei Dati raccolti<\/h2>\n<h3>Modalit\u00e0 di trattamento<\/h3>\n<p>Il Titolare tratta i Dati Personali degli Utenti adottando le opportune misure di sicurezza volte ad impedire l\u2019accesso, la divulgazione, la modifica o la distruzione non autorizzate dei Dati Personali.<br \/>\nIl trattamento viene effettuato mediante strumenti informatici e\/o telematici, con modalit\u00e0 organizzative e con logiche strettamente correlate alle finalit\u00e0 indicate. Oltre al Titolare, in alcuni casi, potrebbero avere accesso ai Dati categorie di incaricati coinvolti nell\u2019organizzazione del sito (personale amministrativo, commerciale, marketing, legali, amministratori di sistema) ovvero soggetti esterni (come fornitori di servizi tecnici terzi, corrieri postali, hosting provider, societ\u00e0 informatiche, agenzie di comunicazione) nominati anche, se necessario, Responsabili del Trattamento da parte del Titolare. L\u2019elenco aggiornato dei Responsabili potr\u00e0 sempre essere richiesto al Titolare del Trattamento.<\/p>\n<h3>Luogo<\/h3>\n<p>I Dati sono trattati presso le sedi operative del Titolare ed in ogni altro luogo in cui le parti coinvolte nel trattamento siano localizzate. Per ulteriori informazioni, contatta il Titolare.<\/p>\n<h3>Tempi<\/h3>\n<p>I Dati sono trattati per il tempo necessario allo svolgimento del servizio richiesto dall\u2019Utente, o richiesto dalle finalit\u00e0 descritte in questo documento, e l\u2019Utente pu\u00f2 sempre chiedere l\u2019interruzione del Trattamento o la cancellazione dei Dati.<\/p>\n<\/div>\n<div class=\"one_line_col\">\n<h2>Finalit\u00e0 del Trattamento dei Dati raccolti<\/h2>\n<p>I Dati dell\u2019Utente sono raccolti per consentire al Titolare di fornire i propri servizi, cos\u00ec come per le seguenti finalit\u00e0: Contattare l&rsquo;Utente, Servizi di piattaforma e hosting e Statistica.<\/p>\n<p>Le tipologie di Dati Personali utilizzati per ciascuna finalit\u00e0 sono indicati nelle sezioni specifiche di questo documento.<\/p>\n<\/div>\n<div class=\"one_line_col\">\n<h2>Dettagli sul trattamento dei Dati Personali<\/h2>\n<p>I Dati Personali sono raccolti per le seguenti finalit\u00e0 ed utilizzando i seguenti servizi:<\/p>\n<ul class=\"for_boxes\">\n<li>\n<div class=\"box_primary box_10 expand expanded\">\n<h3 class=\"expand-click w_icon_24 policyicon_purpose_4088609\">Contattare l&rsquo;Utente<\/h3>\n<div class=\"expand-content\">\n<h4>Mailing list o newsletter (questo sito web)<\/h4>\n<p>Con la registrazione alla mailing list o alla newsletter, l\u2019indirizzo email dell\u2019Utente viene automaticamente inserito in una lista di contatti a cui potranno essere trasmessi messaggi email contenenti informazioni, anche di natura commerciale e promozionale, relative a questo sito web. L&rsquo;indirizzo email dell&rsquo;Utente potrebbe anche essere aggiunto a questa lista come risultato della registrazione a questo sito web o dopo aver effettuato un acquisto.<\/p>\n<p>Dati Personali raccolti: email.<\/p>\n<\/div>\n<\/div>\n<\/li>\n<li>\n<div class=\"box_primary box_10 expand expanded\">\n<h3 class=\"expand-click w_icon_24 policyicon_purpose_4088611\">Servizi di piattaforma e hosting<\/h3>\n<div class=\"expand-content\">\n<p>Questi servizi hanno lo scopo di ospitare e far funzionare componenti chiave di questo sito web, rendendo possibile l\u2019erogazione di questo sito web da un\u2019unica piattaforma. Queste piattaforme forniscono al Titolare un&rsquo;ampia gamma di strumenti quali, ad esempio, strumenti analitici, per la gestione della registrazione degli utenti, per la gestione dei commenti e del database, per il commercio elettronico, per l\u2019elaborazione dei pagamenti etc. L\u2019uso di tali strumenti comporta la raccolta e il trattamento di Dati Personali. Alcuni di questi servizi funzionano attraverso server dislocati geograficamente in luoghi differenti, rendendo difficile la determinazione del luogo esatto in cui vengono conservati i Dati Personali.<\/p>\n<h4>WordPress.com (Automattic Inc.)<\/h4>\n<p>WordPress.com \u00e8 una piattaforma fornita da Automattic Inc. che consente al Titolare di sviluppare, far funzionare ed ospitare questo sito web.<\/p>\n<p>Dati Personali raccolti: varie tipologie di Dati secondo quanto specificato dalla privacy policy del servizio.<\/p>\n<\/div>\n<\/div>\n<\/li>\n<li>\n<div class=\"box_primary box_10 expand expanded\">\n<h3 class=\"expand-click w_icon_24 policyicon_purpose_4090293\">Statistica<\/h3>\n<div class=\"expand-content\">\n<p>I servizi contenuti nella presente sezione permettono al Titolare del Trattamento di monitorare e analizzare i dati di traffico e servono a tener traccia del comportamento dell\u2019Utente.<\/p>\n<h4>Google Analytics (Google Inc.)<\/h4>\n<p>Google Analytics \u00e8 un servizio di analisi web fornito da Google Inc. (\u201cGoogle\u201d). Google utilizza i Dati Personali raccolti allo scopo di tracciare ed esaminare l\u2019utilizzo di questo Sito Web, compilare report e condividerli con gli altri servizi sviluppati da Google.<br \/>\nGoogle potrebbe utilizzare i Dati Personali per contestualizzare e personalizzare gli annunci del proprio network pubblicitario.<\/p>\n<p>Dati Personali raccolti: Cookie e Dati di Utilizzo.<\/p>\n<\/div>\n<\/div>\n<\/li>\n<\/ul>\n<\/div>\n<div class=\"one_line_col\">\n<h2>Ulteriori informazioni sul trattamento<\/h2>\n<h3>Difesa in giudizio<\/h3>\n<p>I Dati Personali dell\u2019Utente possono essere utilizzati da parte del Titolare in giudizio o nelle fasi propedeutiche alla sua eventuale instaurazione per la difesa da abusi nell&rsquo;utilizzo di questo sito web o dei servizi connessi da parte dell\u2019Utente.<br \/>\nL\u2019Utente dichiara di essere consapevole che al Titolare potrebbe essere richiesto di rivelare i Dati su richiesta delle pubbliche autorit\u00e0.<\/p>\n<h3>Informative specifiche<\/h3>\n<p>Su richiesta dell\u2019Utente, in aggiunta alle informazioni contenute in questa privacy policy, questo sito web potrebbe fornire all&rsquo;Utente delle informative aggiuntive e contestuali riguardanti servizi specifici, o la raccolta ed il trattamento di Dati Personali.<\/p>\n<h3>Log di sistema e manutenzione<\/h3>\n<p>Per necessit\u00e0 legate al funzionamento ed alla manutenzione, questo sito web e gli eventuali servizi terzi da essa utilizzati potrebbero raccogliere Log di sistema, ossia file che registrano le interazioni e che possono contenere anche Dati Personali, quali l\u2019indirizzo IP Utente.<\/p>\n<h3>Informazioni non contenute in questa policy<\/h3>\n<p>Maggiori informazioni in relazione al trattamento dei Dati Personali potranno essere richieste in qualsiasi momento al Titolare del Trattamento utilizzando le informazioni di contatto.<\/p>\n<h3>Esercizio dei diritti da parte degli Utenti<\/h3>\n<p>I soggetti cui si riferiscono i Dati Personali hanno il diritto in qualunque momento di ottenere la conferma dell&rsquo;esistenza o meno degli stessi presso il Titolare del Trattamento, di conoscerne il contenuto e l&rsquo;origine, di verificarne l&rsquo;esattezza o chiederne l\u2019integrazione, la cancellazione, l&rsquo;aggiornamento, la rettifica, la trasformazione in forma anonima o il blocco dei Dati Personali trattati in violazione di legge, nonch\u00e9 di opporsi in ogni caso, per motivi legittimi, al loro trattamento. Le richieste vanno rivolte al Titolare del Trattamento.<\/p>\n<p>Questo sito web non supporta le richieste \u201cDo Not Track\u201d.<br \/>\nPer conoscere se gli eventuali servizi di terze parti utilizzati le supportano, l&rsquo;Utente \u00e8 invitato a consultare le rispettive privacy policy.<\/p>\n<h3>Modifiche a questa privacy policy<\/h3>\n<p>Il Titolare del Trattamento si riserva il diritto di apportare modifiche alla presente privacy policy in qualunque momento dandone pubblicit\u00e0 agli Utenti su questa pagina. Si prega dunque di consultare spesso questa pagina, prendendo come riferimento la data di ultima modifica indicata in fondo. Nel caso di mancata accettazione delle modifiche apportate alla presente privacy policy, l\u2019Utente \u00e8 tenuto a cessare l\u2019utilizzo di questo sito web e pu\u00f2 richiedere al Titolare del Trattamento di rimuovere i propri Dati Personali. Salvo quanto diversamente specificato, la precedente privacy policy continuer\u00e0 ad applicarsi ai Dati Personali sino a quel momento raccolti.<\/p>\n<h3>Informazioni su questa privacy policy<\/h3>\n<p>Il Titolare del Trattamento dei Dati \u00e8 responsabile per questa privacy policy, redatta partendo da moduli predisposti da Iubenda e conservati sui suoi server.<\/p>\n<\/div>\n<div class=\"one_line_col\">\n<div class=\"box_primary box_10 definitions expand expanded\">\n<h3 class=\"expand-click w_icon_24 icon_ribbon\">Definizioni e riferimenti legali<\/h3>\n<div class=\"expand-content\">\n<h4>Dati Personali (o Dati)<\/h4>\n<p>Costituisce dato personale qualunque informazione relativa a persona fisica, identificata o identificabile, anche indirettamente, mediante riferimento a qualsiasi altra informazione, ivi compreso un numero di identificazione personale.<\/p>\n<h4>Dati di Utilizzo<\/h4>\n<p>Sono le informazioni raccolte in maniera automatica da questo sito web (o dsiti web di parti terze che questo sito web utilizza), tra le quali: gli indirizzi IP o i nomi a dominio dei computer utilizzati dall\u2019Utente che si connette con questo sito web, gli indirizzi in notazione URI (Uniform Resource Identifier), l\u2019orario della richiesta, il metodo utilizzato nel sottoporre la richiesta al server, la dimensione del file ottenuto in risposta, il codice numerico indicante lo stato della risposta dal server (buon fine, errore, ecc.) il paese di provenienza, le caratteristiche del browser e del sistema operativo utilizzati dal visitatore, le varie connotazioni temporali della visita (ad esempio il tempo di permanenza su ciascuna pagina) e i dettagli relativi all\u2019itinerario seguito all\u2019interno del sito web, con particolare riferimento alla sequenza delle pagine consultate, ai parametri relativi al sistema operativo e all\u2019ambiente informatico dell\u2019Utente.<\/p>\n<h4>Utente<\/h4>\n<p>L&rsquo;individuo che utilizza questo sito web, che deve coincidere con l&rsquo;Interessato o essere da questo autorizzato ed i cui Dati Personali sono oggetto del trattamento.<\/p>\n<h4>Interessato<\/h4>\n<p>La persona fisica o giuridica cui si riferiscono i Dati Personali.<\/p>\n<h4>Diritti degli interessati<\/h4>\n<p>Ai sensi dell\u2019art. 7 del d.lgs. 30 giugno 2003 n. 196, i soggetti cui si riferiscono i dati personali hanno il diritto in qualunque momento di ottenere la conferma dell\u2019esistenza o meno dei medesimi dati, di conoscerne il contenuto e l\u2019origine, verificarne l\u2019esattezza o chiederne l\u2019integrazione, l\u2019aggiornamento o la rettificazione, chiederne la cancellazione, la trasformazione in forma anonima o il blocco dei dati trattati in violazione di legge, nonch\u00e9 di opporsi in ogni caso, per motivi legittimi, al loro trattamento.<\/p>\n<p>Le richieste vanno rivolte a Baudracco Gastronomia.<\/p>\n<h4>Responsabile del Trattamento (o Responsabile)<\/h4>\n<p>La persona fisica, giuridica, la pubblica amministrazione e qualsiasi altro ente, associazione od organismo preposti dal Titolare al trattamento dei Dati Personali, secondo quanto predisposto dalla presente privacy policy.<\/p>\n<h4>Titolare del Trattamento (o Titolare)<\/h4>\n<p>La persona fisica, giuridica, la pubblica amministrazione e qualsiasi altro ente, associazione od organismo cui competono, anche unitamente ad altro titolare, le decisioni in ordine alle finalit\u00e0, alle modalit\u00e0 del trattamento di dati personali ed agli strumenti utilizzati, ivi compreso il profilo della sicurezza, in relazione al funzionamento e alla fruizione di questo sito web. Il Titolare del Trattamento, salvo quanto diversamente specificato, \u00e8 il proprietario di questo sito web.<\/p>\n<h4>Questo Sito Web<\/h4>\n<p>Lo strumento hardware o software mediante il quale sono raccolti i Dati Personali degli Utenti.<\/p>\n<h4>Cookie<\/h4>\n<p>Piccola porzione di dati conservata all&rsquo;interno del dispositivo dell&rsquo;Utente.<\/p>\n<hr \/>\n<h4>Riferimenti legali<\/h4>\n<p>Avviso agli Utenti europei: la presente informativa privacy \u00e8 redatta in adempimento degli obblighi previsti dall\u2019Art. 10 della Direttiva n. 95\/46\/CE, nonch\u00e9 a quanto previsto dalla Direttiva 2002\/58\/CE, come aggiornata dalla Direttiva 2009\/136\/CE, in materia di Cookie.<\/p>\n<p>Questa informativa privacy riguarda esclusivamente questo sito web.<\/p>\n<\/div>\n<\/div>\n<\/div>\n<p>[\/vc_column_text][\/vc_column][\/vc_row]<\/p>\n<\/div>","protected":false},"excerpt":{"rendered":"<p>[vc_row][vc_column width=\u00a0\u00bb1\/1&Prime;][vc_column_text] Privacy Policy di\u00a0www.baudracco.it Questo sito web raccoglie alcuni Dati Personali dei propri Utenti. In base a quanto prescritto [&hellip;]<\/p>\n","protected":false},"author":9,"featured_media":0,"parent":0,"menu_order":0,"comment_status":"closed","ping_status":"closed","template":"","meta":{"footnotes":""},"class_list":["post-61788","page","type-page","status-publish","hentry","page_category-baudracco"],"_links":{"self":[{"href":"https:\/\/www.baudracco.it\/fr\/wp-json\/wp\/v2\/pages\/61788","targetHints":{"allow":["GET"]}}],"collection":[{"href":"https:\/\/www.baudracco.it\/fr\/wp-json\/wp\/v2\/pages"}],"about":[{"href":"https:\/\/www.baudracco.it\/fr\/wp-json\/wp\/v2\/types\/page"}],"author":[{"embeddable":true,"href":"https:\/\/www.baudracco.it\/fr\/wp-json\/wp\/v2\/users\/9"}],"replies":[{"embeddable":true,"href":"https:\/\/www.baudracco.it\/fr\/wp-json\/wp\/v2\/comments?post=61788"}],"version-history":[{"count":1,"href":"https:\/\/www.baudracco.it\/fr\/wp-json\/wp\/v2\/pages\/61788\/revisions"}],"predecessor-version":[{"id":61791,"href":"https:\/\/www.baudracco.it\/fr\/wp-json\/wp\/v2\/pages\/61788\/revisions\/61791"}],"wp:attachment":[{"href":"https:\/\/www.baudracco.it\/fr\/wp-json\/wp\/v2\/media?parent=61788"}],"curies":[{"name":"wp","href":"https:\/\/api.w.org\/{rel}","templated":true}]}}