{"id":62085,"date":"2025-11-27T16:47:52","date_gmt":"2025-11-27T16:47:52","guid":{"rendered":"https:\/\/www.baudracco.it\/?page_id=62085"},"modified":"2025-11-27T18:24:23","modified_gmt":"2025-11-27T18:24:23","slug":"gnocchis-a-la-romaine","status":"publish","type":"page","link":"https:\/\/www.baudracco.it\/fr\/gnocchis-a-la-romaine\/","title":{"rendered":"Gnocchis \u00e0 la romaine"},"content":{"rendered":"<div class=\"wpb-content-wrapper\"><p>[vc_row unlock_row_content=\u00a0\u00bbyes\u00a0\u00bb row_height_percent=\u00a0\u00bb0&Prime; override_padding=\u00a0\u00bbyes\u00a0\u00bb h_padding=\u00a0\u00bb3&Prime; top_padding=\u00a0\u00bb0&Prime; bottom_padding=\u00a0\u00bb3&Prime; overlay_alpha=\u00a0\u00bb50&Prime; gutter_size=\u00a0\u00bb3&Prime; column_width_percent=\u00a0\u00bb100&Prime; shift_y=\u00a0\u00bb0&Prime; z_index=\u00a0\u00bb0&Prime; content_parallax=\u00a0\u00bb0&Prime; uncode_shortcode_id=\u00a0\u00bb129741&Prime;][vc_column width=\u00a0\u00bb1\/1&Prime;][vc_row_inner][vc_column_inner width=\u00a0\u00bb1\/3&Prime;][vc_custom_heading text_color=\u00a0\u00bbaccent\u00a0\u00bb text_font=\u00a0\u00bbfont-202503&Prime; text_size=\u00a0\u00bbfontsize-155944&Prime; text_weight=\u00a0\u00bb600&Prime; text_italic=\u00a0\u00bbyes\u00a0\u00bb uncode_shortcode_id=\u00a0\u00bb140751&Prime; text_color_type=\u00a0\u00bbuncode-palette\u00a0\u00bb]Gnocchis \u00e0 la romaine[\/vc_custom_heading][vc_column_text text_color=\u00a0\u00bbcolor-jevc\u00a0\u00bb uncode_shortcode_id=\u00a0\u00bb208248&Prime; text_color_type=\u00a0\u00bbuncode-palette\u00a0\u00bb]Commen\u00e7ons par du lait vraiment excellent, celui de nos vaches heureuses, nourries \u00e0 l&rsquo;herbe. On porte le tout \u00e0 \u00e9bullition, on ajoute la semoule de bl\u00e9 dur, une pinc\u00e9e de sel, de la noix de muscade et le jaune d&rsquo;\u0153uf. Une fois cuite, on la verse dans les moules et on laisse refroidir. Les gnocchis moul\u00e9s sont garnis de beurre, de raclette, de parmesan et d&rsquo;une derni\u00e8re couche de raclette. On les fait gratiner au four.<br \/>\nUn plat simple et traditionnel qui devient un vrai r\u00e9gal gr\u00e2ce \u00e0 des ingr\u00e9dients de qualit\u00e9.[\/vc_column_text][vc_custom_heading text_color=\u00a0\u00bbaccent\u00a0\u00bb text_font=\u00a0\u00bbfont-762333&Prime; uncode_shortcode_id=\u00a0\u00bb144196&Prime; text_color_type=\u00a0\u00bbuncode-palette\u00a0\u00bb]\u20ac 12,00[\/vc_custom_heading][vc_empty_space empty_h=\u00a0\u00bb2&Prime;][\/vc_column_inner][vc_column_inner width=\u00a0\u00bb2\/3&Prime;][vc_single_image media=\u00a0\u00bb62093&Prime; media_width_percent=\u00a0\u00bb100&Prime; media_ratio=\u00a0\u00bbthree-two\u00a0\u00bb uncode_shortcode_id=\u00a0\u00bb199986&Prime;][\/vc_column_inner][\/vc_row_inner][\/vc_column][\/vc_row][vc_row][vc_column width=\u00a0\u00bb1\/1&Prime;][uncode_block id=\u00a0\u00bb60223&Prime;][\/vc_column][\/vc_row][vc_row][vc_column width=\u00a0\u00bb1\/1&Prime;][uncode_block id=\u00a0\u00bb60227&Prime;][\/vc_column][\/vc_row]<\/p>\n<\/div>","protected":false},"excerpt":{"rendered":"<p> * avec accompagnement<\/p>\n","protected":false},"author":9,"featured_media":62096,"parent":0,"menu_order":0,"comment_status":"closed","ping_status":"closed","template":"","meta":{"footnotes":""},"class_list":["post-62085","page","type-page","status-publish","has-post-thumbnail","hentry","page_category-recettes"],"_links":{"self":[{"href":"https:\/\/www.baudracco.it\/fr\/wp-json\/wp\/v2\/pages\/62085","targetHints":{"allow":["GET"]}}],"collection":[{"href":"https:\/\/www.baudracco.it\/fr\/wp-json\/wp\/v2\/pages"}],"about":[{"href":"https:\/\/www.baudracco.it\/fr\/wp-json\/wp\/v2\/types\/page"}],"author":[{"embeddable":true,"href":"https:\/\/www.baudracco.it\/fr\/wp-json\/wp\/v2\/users\/9"}],"replies":[{"embeddable":true,"href":"https:\/\/www.baudracco.it\/fr\/wp-json\/wp\/v2\/comments?post=62085"}],"version-history":[{"count":6,"href":"https:\/\/www.baudracco.it\/fr\/wp-json\/wp\/v2\/pages\/62085\/revisions"}],"predecessor-version":[{"id":62191,"href":"https:\/\/www.baudracco.it\/fr\/wp-json\/wp\/v2\/pages\/62085\/revisions\/62191"}],"wp:featuredmedia":[{"embeddable":true,"href":"https:\/\/www.baudracco.it\/fr\/wp-json\/wp\/v2\/media\/62096"}],"wp:attachment":[{"href":"https:\/\/www.baudracco.it\/fr\/wp-json\/wp\/v2\/media?parent=62085"}],"curies":[{"name":"wp","href":"https:\/\/api.w.org\/{rel}","templated":true}]}}