{"id":62103,"date":"2025-11-27T16:51:00","date_gmt":"2025-11-27T16:51:00","guid":{"rendered":"https:\/\/www.baudracco.it\/?page_id=62103"},"modified":"2025-11-28T09:18:07","modified_gmt":"2025-11-28T09:18:07","slug":"lentilles-mijotees","status":"publish","type":"page","link":"https:\/\/www.baudracco.it\/fr\/lentilles-mijotees\/","title":{"rendered":"Lentilles mijot\u00e9es"},"content":{"rendered":"<div class=\"wpb-content-wrapper\"><p>[vc_row unlock_row_content=\u00a0\u00bbyes\u00a0\u00bb row_height_percent=\u00a0\u00bb0&Prime; override_padding=\u00a0\u00bbyes\u00a0\u00bb h_padding=\u00a0\u00bb3&Prime; top_padding=\u00a0\u00bb0&Prime; bottom_padding=\u00a0\u00bb3&Prime; overlay_alpha=\u00a0\u00bb50&Prime; gutter_size=\u00a0\u00bb3&Prime; column_width_percent=\u00a0\u00bb100&Prime; shift_y=\u00a0\u00bb0&Prime; z_index=\u00a0\u00bb0&Prime; content_parallax=\u00a0\u00bb0&Prime; uncode_shortcode_id=\u00a0\u00bb129741&Prime;][vc_column width=\u00a0\u00bb1\/1&Prime;][vc_row_inner][vc_column_inner width=\u00a0\u00bb1\/3&Prime;][vc_custom_heading text_color=\u00a0\u00bbaccent\u00a0\u00bb text_font=\u00a0\u00bbfont-202503&Prime; text_size=\u00a0\u00bbfontsize-155944&Prime; text_weight=\u00a0\u00bb600&Prime; text_italic=\u00a0\u00bbyes\u00a0\u00bb uncode_shortcode_id=\u00a0\u00bb133920&Prime; text_color_type=\u00a0\u00bbuncode-palette\u00a0\u00bb]Lentilles mijot\u00e9es[\/vc_custom_heading][vc_column_text text_color=\u00a0\u00bbcolor-jevc\u00a0\u00bb uncode_shortcode_id=\u00a0\u00bb633672&Prime; text_color_type=\u00a0\u00bbuncode-palette\u00a0\u00bb]Pour cette recette, on utilise des lentilles Castelluccio, petites et savoureuses. On fait revenir doucement l&rsquo;oignon Andezeno, puis on ajoute les lentilles et une bonne sauce tomate. On laisse mijoter et on termine la cuisson avec un bouillon de l\u00e9gumes de qualit\u00e9.<br \/>\nUn plat simple et r\u00e9confortant, o\u00f9 la qualit\u00e9 des ingr\u00e9dients fait toute la diff\u00e9rence.[\/vc_column_text][vc_custom_heading text_color=\u00a0\u00bbaccent\u00a0\u00bb text_font=\u00a0\u00bbfont-762333&Prime; uncode_shortcode_id=\u00a0\u00bb432299&Prime; text_color_type=\u00a0\u00bbuncode-palette\u00a0\u00bb]\u20ac 12,50[\/vc_custom_heading][vc_empty_space empty_h=\u00a0\u00bb2&Prime;][\/vc_column_inner][vc_column_inner width=\u00a0\u00bb2\/3&Prime;][vc_single_image media=\u00a0\u00bb62202&Prime; media_width_percent=\u00a0\u00bb100&Prime; media_ratio=\u00a0\u00bbthree-two\u00a0\u00bb uncode_shortcode_id=\u00a0\u00bb156986&Prime;][\/vc_column_inner][\/vc_row_inner][\/vc_column][\/vc_row][vc_row][vc_column width=\u00a0\u00bb1\/1&Prime;][uncode_block id=\u00a0\u00bb60223&Prime;][\/vc_column][\/vc_row][vc_row][vc_column width=\u00a0\u00bb1\/1&Prime;][uncode_block id=\u00a0\u00bb60227&Prime;][\/vc_column][\/vc_row]<\/p>\n<\/div>","protected":false},"excerpt":{"rendered":"<p> * avec accompagnement<\/p>\n","protected":false},"author":9,"featured_media":62112,"parent":0,"menu_order":0,"comment_status":"closed","ping_status":"closed","template":"","meta":{"footnotes":""},"class_list":["post-62103","page","type-page","status-publish","has-post-thumbnail","hentry","page_category-recettes"],"_links":{"self":[{"href":"https:\/\/www.baudracco.it\/fr\/wp-json\/wp\/v2\/pages\/62103","targetHints":{"allow":["GET"]}}],"collection":[{"href":"https:\/\/www.baudracco.it\/fr\/wp-json\/wp\/v2\/pages"}],"about":[{"href":"https:\/\/www.baudracco.it\/fr\/wp-json\/wp\/v2\/types\/page"}],"author":[{"embeddable":true,"href":"https:\/\/www.baudracco.it\/fr\/wp-json\/wp\/v2\/users\/9"}],"replies":[{"embeddable":true,"href":"https:\/\/www.baudracco.it\/fr\/wp-json\/wp\/v2\/comments?post=62103"}],"version-history":[{"count":5,"href":"https:\/\/www.baudracco.it\/fr\/wp-json\/wp\/v2\/pages\/62103\/revisions"}],"predecessor-version":[{"id":62252,"href":"https:\/\/www.baudracco.it\/fr\/wp-json\/wp\/v2\/pages\/62103\/revisions\/62252"}],"wp:featuredmedia":[{"embeddable":true,"href":"https:\/\/www.baudracco.it\/fr\/wp-json\/wp\/v2\/media\/62112"}],"wp:attachment":[{"href":"https:\/\/www.baudracco.it\/fr\/wp-json\/wp\/v2\/media?parent=62103"}],"curies":[{"name":"wp","href":"https:\/\/api.w.org\/{rel}","templated":true}]}}