{"id":62116,"date":"2025-11-27T16:53:01","date_gmt":"2025-11-27T16:53:01","guid":{"rendered":"https:\/\/www.baudracco.it\/?page_id=62116"},"modified":"2025-11-28T08:49:21","modified_gmt":"2025-11-28T08:49:21","slug":"boulettes-de-viande-du-jour","status":"publish","type":"page","link":"https:\/\/www.baudracco.it\/fr\/boulettes-de-viande-du-jour\/","title":{"rendered":"Boulettes de viande du jour"},"content":{"rendered":"<div class=\"wpb-content-wrapper\"><p>[vc_row unlock_row_content=\u00a0\u00bbyes\u00a0\u00bb row_height_percent=\u00a0\u00bb0&Prime; override_padding=\u00a0\u00bbyes\u00a0\u00bb h_padding=\u00a0\u00bb3&Prime; top_padding=\u00a0\u00bb0&Prime; bottom_padding=\u00a0\u00bb3&Prime; overlay_alpha=\u00a0\u00bb50&Prime; gutter_size=\u00a0\u00bb3&Prime; column_width_percent=\u00a0\u00bb100&Prime; shift_y=\u00a0\u00bb0&Prime; z_index=\u00a0\u00bb0&Prime; content_parallax=\u00a0\u00bb0&Prime; uncode_shortcode_id=\u00a0\u00bb129741&Prime;][vc_column width=\u00a0\u00bb1\/1&Prime;][vc_row_inner][vc_column_inner width=\u00a0\u00bb1\/3&Prime;][vc_custom_heading text_color=\u00a0\u00bbaccent\u00a0\u00bb text_font=\u00a0\u00bbfont-202503&Prime; text_size=\u00a0\u00bbfontsize-155944&Prime; text_weight=\u00a0\u00bb600&Prime; text_italic=\u00a0\u00bbyes\u00a0\u00bb uncode_shortcode_id=\u00a0\u00bb638351&Prime; text_color_type=\u00a0\u00bbuncode-palette\u00a0\u00bb]Boulettes de viande du jour[\/vc_custom_heading][vc_column_text text_color=\u00a0\u00bbcolor-jevc\u00a0\u00bb uncode_shortcode_id=\u00a0\u00bb289225&Prime; text_color_type=\u00a0\u00bbuncode-palette\u00a0\u00bb]Nous les pr\u00e9parons avec notre propre viande : du veau s\u00e9lectionn\u00e9 par nos soins et du porc provenant d&rsquo;\u00e9levages sp\u00e9cialis\u00e9s dans la production de jambons cuits. Nous faisons tremper notre pain, ajoutons du sel, du parmesan, des \u0153ufs, de la marjolaine fra\u00eeche et p\u00e9trissons la p\u00e2te \u00e0 la main. Les boulettes de viande sont frites dans de l&rsquo;huile d&rsquo;olive extra vierge, puis d\u00e9glac\u00e9es au vin blanc et pass\u00e9es au four. L&rsquo;assaisonnement varie selon les jours. On peut les trouver avec une bonne sauce, aux herbes, \u00e0 la ratatouille ou \u00e0 la menthe. Un plat rapide et savoureux, comme \u00e0 la maison.[\/vc_column_text][vc_custom_heading text_color=\u00a0\u00bbaccent\u00a0\u00bb text_font=\u00a0\u00bbfont-762333&Prime; uncode_shortcode_id=\u00a0\u00bb589080&Prime; text_color_type=\u00a0\u00bbuncode-palette\u00a0\u00bb]\u20ac 14,00[\/vc_custom_heading][vc_empty_space empty_h=\u00a0\u00bb2&Prime;][\/vc_column_inner][vc_column_inner width=\u00a0\u00bb2\/3&Prime;][vc_single_image media=\u00a0\u00bb62143&Prime; media_width_percent=\u00a0\u00bb100&Prime; media_ratio=\u00a0\u00bbthree-two\u00a0\u00bb uncode_shortcode_id=\u00a0\u00bb945253&Prime;][\/vc_column_inner][\/vc_row_inner][\/vc_column][\/vc_row][vc_row][vc_column width=\u00a0\u00bb1\/1&Prime;][uncode_block id=\u00a0\u00bb60223&Prime;][\/vc_column][\/vc_row][vc_row][vc_column width=\u00a0\u00bb1\/1&Prime;][uncode_block id=\u00a0\u00bb60227&Prime;][\/vc_column][\/vc_row]<\/p>\n<\/div>","protected":false},"excerpt":{"rendered":"<p> * avec accompagnement<\/p>\n","protected":false},"author":9,"featured_media":62154,"parent":0,"menu_order":0,"comment_status":"closed","ping_status":"closed","template":"","meta":{"footnotes":""},"class_list":["post-62116","page","type-page","status-publish","has-post-thumbnail","hentry","page_category-recettes"],"_links":{"self":[{"href":"https:\/\/www.baudracco.it\/fr\/wp-json\/wp\/v2\/pages\/62116","targetHints":{"allow":["GET"]}}],"collection":[{"href":"https:\/\/www.baudracco.it\/fr\/wp-json\/wp\/v2\/pages"}],"about":[{"href":"https:\/\/www.baudracco.it\/fr\/wp-json\/wp\/v2\/types\/page"}],"author":[{"embeddable":true,"href":"https:\/\/www.baudracco.it\/fr\/wp-json\/wp\/v2\/users\/9"}],"replies":[{"embeddable":true,"href":"https:\/\/www.baudracco.it\/fr\/wp-json\/wp\/v2\/comments?post=62116"}],"version-history":[{"count":8,"href":"https:\/\/www.baudracco.it\/fr\/wp-json\/wp\/v2\/pages\/62116\/revisions"}],"predecessor-version":[{"id":62212,"href":"https:\/\/www.baudracco.it\/fr\/wp-json\/wp\/v2\/pages\/62116\/revisions\/62212"}],"wp:featuredmedia":[{"embeddable":true,"href":"https:\/\/www.baudracco.it\/fr\/wp-json\/wp\/v2\/media\/62154"}],"wp:attachment":[{"href":"https:\/\/www.baudracco.it\/fr\/wp-json\/wp\/v2\/media?parent=62116"}],"curies":[{"name":"wp","href":"https:\/\/api.w.org\/{rel}","templated":true}]}}